{"id":24937,"date":"2021-06-10T00:08:30","date_gmt":"2021-06-10T00:08:30","guid":{"rendered":"https:\/\/sharpenskillstraining.com\/?page_id=24937"},"modified":"2025-04-10T17:26:23","modified_gmt":"2025-04-10T21:26:23","slug":"our-programs","status":"publish","type":"page","link":"https:\/\/sharpenskillstraining.com\/fr\/our-programs\/","title":{"rendered":"Nos programmes"},"content":{"rendered":"<p><div class=\"fusion-fullwidth fullwidth-box fusion-builder-row-1 fusion-flex-container has-pattern-background has-mask-background nonhundred-percent-fullwidth non-hundred-percent-height-scrolling\" style=\"--awb-border-radius-top-left:0px;--awb-border-radius-top-right:0px;--awb-border-radius-bottom-right:0px;--awb-border-radius-bottom-left:0px;--awb-padding-top:6%;--awb-padding-bottom:6%;--awb-flex-wrap:wrap;\" ><div class=\"fusion-builder-row fusion-row fusion-flex-align-items-stretch fusion-flex-content-wrap\" style=\"max-width:1185.6px;margin-left: calc(-4% \/ 2 );margin-right: calc(-4% \/ 2 );\"><div class=\"fusion-layout-column fusion_builder_column fusion-builder-column-0 fusion_builder_column_1_3 1_3 fusion-flex-column fusion-column-inner-bg-wrapper fusion-animated\" style=\"--awb-padding-top:10px;--awb-padding-right:10px;--awb-padding-bottom:10px;--awb-padding-left:10px;--awb-inner-bg-color:var(--awb-color1);--awb-inner-bg-color-hover:var(--awb-color1);--awb-inner-bg-size:cover;--awb-box-shadow:0px 20px 24px 0px hsla(var(--awb-color5-h),var(--awb-color5-s),calc( var(--awb-color5-l) - 45% ),calc( var(--awb-color5-a) - 90% ));;--awb-border-color:hsla(var(--awb-color5-h),var(--awb-color5-s),calc( var(--awb-color5-l) + 45% ),var(--awb-color5-a));--awb-border-top:1px;--awb-border-right:1px;--awb-border-bottom:1px;--awb-border-left:1px;--awb-border-style:solid;--awb-width-large:33.333333333333%;--awb-margin-top-large:0px;--awb-spacing-right-large:5.76%;--awb-margin-bottom-large:20px;--awb-spacing-left-large:5.76%;--awb-width-medium:100%;--awb-order-medium:0;--awb-spacing-right-medium:1.92%;--awb-spacing-left-medium:1.92%;--awb-width-small:100%;--awb-order-small:0;--awb-spacing-right-small:1.92%;--awb-spacing-left-small:1.92%;\" data-animationtype=\"fadeInLeft\" data-animationduration=\"1.0\" data-animationoffset=\"top-into-view\"><span class=\"fusion-column-inner-bg hover-type-none\"><a class=\"fusion-column-anchor\" href=\"https:\/\/sharpenskillstraining.com\/fr\/athletic-training-programs\/\"><span class=\"fusion-column-inner-bg-image\"><\/span><\/a><\/span><div class=\"fusion-column-wrapper fusion-column-has-shadow fusion-flex-justify-content-flex-start fusion-content-layout-column\"><div class=\"fusion-image-element\" style=\"--awb-caption-title-font-family:var(--h2_typography-font-family);--awb-caption-title-font-weight:var(--h2_typography-font-weight);--awb-caption-title-font-style:var(--h2_typography-font-style);--awb-caption-title-size:var(--h2_typography-font-size);--awb-caption-title-transform:var(--h2_typography-text-transform);--awb-caption-title-line-height:var(--h2_typography-line-height);--awb-caption-title-letter-spacing:var(--h2_typography-letter-spacing);\"><span class=\"fusion-imageframe imageframe-none imageframe-1 hover-type-none\"><img decoding=\"async\" width=\"800\" height=\"800\" title=\"Programmes d&#039;entra\u00eenement sportif\" src=\"https:\/\/sharpenskillstraining.com\/wp-content\/uploads\/2023\/03\/Athletic-Training-Programs.jpg\" data-orig-src=\"https:\/\/sharpenskillstraining.com\/wp-content\/uploads\/2023\/03\/Athletic-Training-Programs.jpg\" alt class=\"lazyload img-responsive wp-image-26639\" srcset=\"data:image\/svg+xml,%3Csvg%20xmlns%3D%27http%3A%2F%2Fwww.w3.org%2F2000%2Fsvg%27%20width%3D%27800%27%20height%3D%27800%27%20viewBox%3D%270%200%20800%20800%27%3E%3Crect%20width%3D%27800%27%20height%3D%27800%27%20fill-opacity%3D%220%22%2F%3E%3C%2Fsvg%3E\" data-srcset=\"https:\/\/sharpenskillstraining.com\/wp-content\/uploads\/2023\/03\/Athletic-Training-Programs-200x200.jpg 200w, https:\/\/sharpenskillstraining.com\/wp-content\/uploads\/2023\/03\/Athletic-Training-Programs-400x400.jpg 400w, https:\/\/sharpenskillstraining.com\/wp-content\/uploads\/2023\/03\/Athletic-Training-Programs-600x600.jpg 600w, https:\/\/sharpenskillstraining.com\/wp-content\/uploads\/2023\/03\/Athletic-Training-Programs.jpg 800w\" data-sizes=\"auto\" data-orig-sizes=\"(max-width: 1024px) 100vw, (max-width: 640px) 100vw, 400px\" \/><\/span><\/div><div class=\"fusion-title title fusion-title-1 fusion-sep-none fusion-title-center fusion-title-text fusion-title-size-three\" style=\"--awb-text-color:var(--awb-color5);--awb-margin-top:10px;--awb-margin-bottom:10px;--awb-margin-top-small:0px;--awb-margin-right-small:0px;--awb-margin-bottom-small:20px;--awb-margin-left-small:0px;\"><h3 class=\"fusion-title-heading title-heading-center fusion-responsive-typography-calculated\" style=\"margin:0;text-transform:uppercase;--fontSize:30;line-height:1;\">Programmes d&#039;entra\u00eenement sportif<\/h3><\/div><\/div><\/div><div class=\"fusion-layout-column fusion_builder_column fusion-builder-column-1 fusion_builder_column_1_3 1_3 fusion-flex-column fusion-column-inner-bg-wrapper fusion-animated\" style=\"--awb-padding-top:10px;--awb-padding-right:10px;--awb-padding-bottom:10px;--awb-padding-left:10px;--awb-inner-bg-size:cover;--awb-box-shadow:0px 20px 24px 0px hsla(var(--awb-color5-h),var(--awb-color5-s),calc( var(--awb-color5-l) - 45% ),calc( var(--awb-color5-a) - 90% ));;--awb-border-color:hsla(var(--awb-color5-h),var(--awb-color5-s),calc( var(--awb-color5-l) + 45% ),var(--awb-color5-a));--awb-border-top:1px;--awb-border-right:1px;--awb-border-bottom:1px;--awb-border-left:1px;--awb-border-style:solid;--awb-width-large:33.333333333333%;--awb-margin-top-large:0px;--awb-spacing-right-large:5.76%;--awb-margin-bottom-large:20px;--awb-spacing-left-large:5.76%;--awb-width-medium:100%;--awb-order-medium:0;--awb-spacing-right-medium:1.92%;--awb-spacing-left-medium:1.92%;--awb-width-small:100%;--awb-order-small:0;--awb-spacing-right-small:1.92%;--awb-spacing-left-small:1.92%;\" data-animationtype=\"fadeInDown\" data-animationduration=\"1.0\" data-animationoffset=\"top-into-view\"><span class=\"fusion-column-inner-bg hover-type-none\"><a class=\"fusion-column-anchor\" href=\"https:\/\/sharpenskillstraining.com\/fr\/mental-performance-coaching\/\"><span class=\"fusion-column-inner-bg-image\"><\/span><\/a><\/span><div class=\"fusion-column-wrapper fusion-column-has-shadow fusion-flex-justify-content-flex-start fusion-content-layout-column\"><div class=\"fusion-image-element\" style=\"text-align:center;--awb-margin-bottom:70px;--awb-caption-title-font-family:var(--h2_typography-font-family);--awb-caption-title-font-weight:var(--h2_typography-font-weight);--awb-caption-title-font-style:var(--h2_typography-font-style);--awb-caption-title-size:var(--h2_typography-font-size);--awb-caption-title-transform:var(--h2_typography-text-transform);--awb-caption-title-line-height:var(--h2_typography-line-height);--awb-caption-title-letter-spacing:var(--h2_typography-letter-spacing);\"><span class=\"fusion-imageframe imageframe-none imageframe-2 hover-type-none\"><img decoding=\"async\" width=\"500\" height=\"392\" title=\"Logo Sharpen-MPC\" src=\"https:\/\/sharpenskillstraining.com\/wp-content\/uploads\/2023\/03\/Sharpen-MPC-Logo.jpg\" data-orig-src=\"https:\/\/sharpenskillstraining.com\/wp-content\/uploads\/2023\/03\/Sharpen-MPC-Logo.jpg\" alt class=\"lazyload img-responsive wp-image-27141\" srcset=\"data:image\/svg+xml,%3Csvg%20xmlns%3D%27http%3A%2F%2Fwww.w3.org%2F2000%2Fsvg%27%20width%3D%27500%27%20height%3D%27392%27%20viewBox%3D%270%200%20500%20392%27%3E%3Crect%20width%3D%27500%27%20height%3D%27392%27%20fill-opacity%3D%220%22%2F%3E%3C%2Fsvg%3E\" data-srcset=\"https:\/\/sharpenskillstraining.com\/wp-content\/uploads\/2023\/03\/Sharpen-MPC-Logo-200x157.jpg 200w, https:\/\/sharpenskillstraining.com\/wp-content\/uploads\/2023\/03\/Sharpen-MPC-Logo-400x314.jpg 400w, https:\/\/sharpenskillstraining.com\/wp-content\/uploads\/2023\/03\/Sharpen-MPC-Logo.jpg 500w\" data-sizes=\"auto\" data-orig-sizes=\"(max-width: 1024px) 100vw, (max-width: 640px) 100vw, 400px\" \/><\/span><\/div><div class=\"fusion-title title fusion-title-2 fusion-sep-none fusion-title-center fusion-title-text fusion-title-size-three\" style=\"--awb-text-color:var(--awb-color5);--awb-margin-top:10px;--awb-margin-bottom:10px;--awb-margin-top-small:0px;--awb-margin-right-small:0px;--awb-margin-bottom-small:20px;--awb-margin-left-small:0px;\"><h3 class=\"fusion-title-heading title-heading-center fusion-responsive-typography-calculated\" style=\"margin:0;text-transform:uppercase;--fontSize:30;line-height:1;\">Coaching de performance mentale<\/h3><\/div><\/div><\/div><div class=\"fusion-layout-column fusion_builder_column fusion-builder-column-2 fusion_builder_column_1_3 1_3 fusion-flex-column fusion-column-inner-bg-wrapper fusion-animated\" style=\"--awb-padding-top:10px;--awb-padding-right:10px;--awb-padding-bottom:10px;--awb-padding-left:10px;--awb-inner-bg-size:cover;--awb-box-shadow:0px 20px 24px 0px hsla(var(--awb-color5-h),var(--awb-color5-s),calc( var(--awb-color5-l) - 45% ),calc( var(--awb-color5-a) - 90% ));;--awb-border-color:hsla(var(--awb-color5-h),var(--awb-color5-s),calc( var(--awb-color5-l) + 45% ),var(--awb-color5-a));--awb-border-top:1px;--awb-border-right:1px;--awb-border-bottom:1px;--awb-border-left:1px;--awb-border-style:solid;--awb-width-large:33.333333333333%;--awb-margin-top-large:0px;--awb-spacing-right-large:5.76%;--awb-margin-bottom-large:20px;--awb-spacing-left-large:5.76%;--awb-width-medium:100%;--awb-order-medium:0;--awb-spacing-right-medium:1.92%;--awb-spacing-left-medium:1.92%;--awb-width-small:100%;--awb-order-small:0;--awb-spacing-right-small:1.92%;--awb-spacing-left-small:1.92%;\" data-animationtype=\"fadeInRight\" data-animationduration=\"1.0\" data-animationoffset=\"top-into-view\"><span class=\"fusion-column-inner-bg hover-type-none\"><a class=\"fusion-column-anchor\" href=\"https:\/\/sharpenskillstraining.com\/fr\/individual-sports-training\/\"><span class=\"fusion-column-inner-bg-image\"><\/span><\/a><\/span><div class=\"fusion-column-wrapper fusion-column-has-shadow fusion-flex-justify-content-flex-start fusion-content-layout-column\"><div class=\"fusion-image-element\" style=\"--awb-caption-title-font-family:var(--h2_typography-font-family);--awb-caption-title-font-weight:var(--h2_typography-font-weight);--awb-caption-title-font-style:var(--h2_typography-font-style);--awb-caption-title-size:var(--h2_typography-font-size);--awb-caption-title-transform:var(--h2_typography-text-transform);--awb-caption-title-line-height:var(--h2_typography-line-height);--awb-caption-title-letter-spacing:var(--h2_typography-letter-spacing);\"><span class=\"fusion-imageframe imageframe-none imageframe-3 hover-type-none\"><img decoding=\"async\" width=\"800\" height=\"800\" title=\"Programme de crosse\" src=\"https:\/\/sharpenskillstraining.com\/wp-content\/uploads\/2023\/03\/Lacrosse-Program.jpg\" data-orig-src=\"https:\/\/sharpenskillstraining.com\/wp-content\/uploads\/2023\/03\/Lacrosse-Program.jpg\" alt class=\"lazyload img-responsive wp-image-26645\" srcset=\"data:image\/svg+xml,%3Csvg%20xmlns%3D%27http%3A%2F%2Fwww.w3.org%2F2000%2Fsvg%27%20width%3D%27800%27%20height%3D%27800%27%20viewBox%3D%270%200%20800%20800%27%3E%3Crect%20width%3D%27800%27%20height%3D%27800%27%20fill-opacity%3D%220%22%2F%3E%3C%2Fsvg%3E\" data-srcset=\"https:\/\/sharpenskillstraining.com\/wp-content\/uploads\/2023\/03\/Lacrosse-Program-200x200.jpg 200w, https:\/\/sharpenskillstraining.com\/wp-content\/uploads\/2023\/03\/Lacrosse-Program-400x400.jpg 400w, https:\/\/sharpenskillstraining.com\/wp-content\/uploads\/2023\/03\/Lacrosse-Program-600x600.jpg 600w, https:\/\/sharpenskillstraining.com\/wp-content\/uploads\/2023\/03\/Lacrosse-Program.jpg 800w\" data-sizes=\"auto\" data-orig-sizes=\"(max-width: 1024px) 100vw, (max-width: 640px) 100vw, 400px\" \/><\/span><\/div><div class=\"fusion-title title fusion-title-3 fusion-sep-none fusion-title-center fusion-title-text fusion-title-size-three\" style=\"--awb-text-color:var(--awb-color5);--awb-margin-top:10px;--awb-margin-bottom:10px;--awb-margin-top-small:0px;--awb-margin-right-small:0px;--awb-margin-bottom-small:20px;--awb-margin-left-small:0px;\"><h3 class=\"fusion-title-heading title-heading-center fusion-responsive-typography-calculated\" style=\"margin:0;text-transform:uppercase;--fontSize:30;line-height:1;\">Programmes d&#039;entra\u00eenement sportif individuel<\/h3><\/div><\/div><\/div><div class=\"fusion-layout-column fusion_builder_column fusion-builder-column-3 fusion_builder_column_1_1 1_1 fusion-flex-column\" style=\"--awb-bg-size:cover;--awb-border-color:var(--awb-color6);--awb-border-top:1px;--awb-border-bottom:1px;--awb-border-style:solid;--awb-width-large:100%;--awb-margin-top-large:60px;--awb-spacing-right-large:1.92%;--awb-margin-bottom-large:20px;--awb-spacing-left-large:1.92%;--awb-width-medium:100%;--awb-order-medium:0;--awb-spacing-right-medium:1.92%;--awb-spacing-left-medium:1.92%;--awb-width-small:100%;--awb-order-small:0;--awb-spacing-right-small:1.92%;--awb-spacing-left-small:1.92%;\"><div class=\"fusion-column-wrapper fusion-column-has-shadow fusion-flex-justify-content-flex-start fusion-content-layout-column\"><div style=\"text-align:center;\"><a class=\"fusion-button button-flat button-xlarge button-default fusion-button-default button-1 fusion-button-default-span fusion-button-default-type\" style=\"--awb-margin-top:30px;--awb-margin-bottom:30px;\" target=\"_self\" href=\"https:\/\/sharpenskillstraining.com\/fr\/memberships-packages\/\"><span class=\"fusion-button-text awb-button__text awb-button__text--default\">Consultez nos forfaits d&#039;adh\u00e9sion<\/span><\/a><\/div><\/div><\/div><\/div><\/div><div class=\"fusion-fullwidth fullwidth-box fusion-builder-row-2 fusion-flex-container has-pattern-background has-mask-background nonhundred-percent-fullwidth non-hundred-percent-height-scrolling\" style=\"--awb-border-radius-top-left:0px;--awb-border-radius-top-right:0px;--awb-border-radius-bottom-right:0px;--awb-border-radius-bottom-left:0px;--awb-flex-wrap:wrap;\" ><div class=\"fusion-builder-row fusion-row fusion-flex-align-items-flex-start fusion-flex-content-wrap\" style=\"max-width:1185.6px;margin-left: calc(-4% \/ 2 );margin-right: calc(-4% \/ 2 );\"><div class=\"fusion-layout-column fusion_builder_column fusion-builder-column-4 fusion_builder_column_1_1 1_1 fusion-flex-column\" style=\"--awb-bg-size:cover;--awb-width-large:100%;--awb-margin-top-large:0px;--awb-spacing-right-large:1.92%;--awb-margin-bottom-large:20px;--awb-spacing-left-large:1.92%;--awb-width-medium:100%;--awb-order-medium:0;--awb-spacing-right-medium:1.92%;--awb-spacing-left-medium:1.92%;--awb-width-small:100%;--awb-order-small:0;--awb-spacing-right-small:1.92%;--awb-spacing-left-small:1.92%;\"><div class=\"fusion-column-wrapper fusion-column-has-shadow fusion-flex-justify-content-flex-start fusion-content-layout-column\"><div class=\"fusion-text fusion-text-1\"><p>\u00a0<\/p>\n<\/div><div class=\"fusion-text fusion-text-2\"><p>Sharpen Skills Training propose un entra\u00eenement de performance sportive pour aider les athl\u00e8tes \u00e0 tirer le meilleur parti de leur potentiel. Nous sommes en mesure d&#039;aider nos athl\u00e8tes \u00e0 am\u00e9liorer leur agilit\u00e9, leur \u00e9quilibre, leur coordination, leur puissance, leur r\u00e9action et leur vitesse. En travaillant sur le conditionnement corporel, nous pouvons aider \u00e0 cibler l\u2019ensemble du corps de l\u2019athl\u00e8te. Le conditionnement corporel contribue grandement \u00e0 am\u00e9liorer l\u2019endurance et la flexibilit\u00e9 d\u2019un athl\u00e8te. En s&#039;engageant dans ces exercices, non seulement les performances de jeu des athl\u00e8tes s&#039;am\u00e9lioreront, mais leur sant\u00e9 aussi. L\u2019entra\u00eenement en force contribue \u00e9galement grandement \u00e0 am\u00e9liorer le bien-\u00eatre g\u00e9n\u00e9ral d\u2019une personne. Il aide les individus \u00e0 g\u00e9rer leur poids et am\u00e9liore leur densit\u00e9 osseuse. L\u2019entra\u00eenement en force offre \u00e0 une personne une meilleure flexibilit\u00e9 ainsi qu\u2019une vitesse et une puissance accrues. De plus, de nombreuses \u00e9tudes estiment que l&#039;entra\u00eenement en force am\u00e9liore les capacit\u00e9s de r\u00e9flexion d&#039;une personne, en particulier chez les \u00e9tudiants-athl\u00e8tes.<\/p>\n<p>La performance sportive, le conditionnement physique et l\u2019entra\u00eenement en force s\u2019adressent \u00e0 tous les \u00e2ges. Cela am\u00e9liore les capacit\u00e9s physiques d\u2019une personne et son acuit\u00e9 mentale. L\u2019entra\u00eenement en force ne doit pas n\u00e9cessairement \u00eatre \u00e9crasant. Lorsque vous travaillez avec notre \u00e9quipe d&#039;entra\u00eeneurs chez Sharpen Skills, qui ont une formation en conditionnement sportif, vous pouvez vous attendre \u00e0 constater des am\u00e9liorations visibles. Ils vous aideront \u00e0 choisir l\u2019activit\u00e9 la meilleure et la plus pratique pour vous et vos besoins sp\u00e9cifiques. Nous pouvons vous mettre sur la bonne voie pour atteindre vos objectifs qui seront r\u00e9alisables. Notre objectif est de garantir le succ\u00e8s de nos clients et nous travaillerons avec vous pour y parvenir. Nous proposons une vari\u00e9t\u00e9 de programmes qui offrent quelque chose pour tout le monde. Consultez nos offres en ligne. Le centre de remise en forme Sharpen Skills est ouvert de 8h00 \u00e0 19h00, du lundi au vendredi ; Les samedis et dimanches sur rendez-vous.<\/p>\n<\/div><\/div><\/div><\/div><\/div><\/p>","protected":false},"excerpt":{"rendered":"","protected":false},"author":11,"featured_media":0,"parent":0,"menu_order":0,"comment_status":"closed","ping_status":"closed","template":"","meta":{"footnotes":""},"class_list":["post-24937","page","type-page","status-publish","hentry"],"_links":{"self":[{"href":"https:\/\/sharpenskillstraining.com\/fr\/wp-json\/wp\/v2\/pages\/24937","targetHints":{"allow":["GET"]}}],"collection":[{"href":"https:\/\/sharpenskillstraining.com\/fr\/wp-json\/wp\/v2\/pages"}],"about":[{"href":"https:\/\/sharpenskillstraining.com\/fr\/wp-json\/wp\/v2\/types\/page"}],"author":[{"embeddable":true,"href":"https:\/\/sharpenskillstraining.com\/fr\/wp-json\/wp\/v2\/users\/11"}],"replies":[{"embeddable":true,"href":"https:\/\/sharpenskillstraining.com\/fr\/wp-json\/wp\/v2\/comments?post=24937"}],"version-history":[{"count":50,"href":"https:\/\/sharpenskillstraining.com\/fr\/wp-json\/wp\/v2\/pages\/24937\/revisions"}],"predecessor-version":[{"id":28542,"href":"https:\/\/sharpenskillstraining.com\/fr\/wp-json\/wp\/v2\/pages\/24937\/revisions\/28542"}],"wp:attachment":[{"href":"https:\/\/sharpenskillstraining.com\/fr\/wp-json\/wp\/v2\/media?parent=24937"}],"curies":[{"name":"wp","href":"https:\/\/api.w.org\/{rel}","templated":true}]}}