{"id":25653,"date":"2022-06-09T23:27:25","date_gmt":"2022-06-09T23:27:25","guid":{"rendered":"https:\/\/sharpenskillstraining.com\/?page_id=25653"},"modified":"2023-09-17T11:16:59","modified_gmt":"2023-09-17T15:16:59","slug":"testimonials","status":"publish","type":"page","link":"https:\/\/sharpenskillstraining.com\/fr\/testimonials\/","title":{"rendered":"T\u00e9moignages"},"content":{"rendered":"<p><div class=\"fusion-fullwidth fullwidth-box fusion-builder-row-1 fusion-flex-container has-pattern-background has-mask-background nonhundred-percent-fullwidth non-hundred-percent-height-scrolling\" style=\"--awb-border-radius-top-left:0px;--awb-border-radius-top-right:0px;--awb-border-radius-bottom-right:0px;--awb-border-radius-bottom-left:0px;--awb-padding-top:30px;--awb-padding-bottom:30px;--awb-flex-wrap:wrap;\" ><div class=\"fusion-builder-row fusion-row fusion-flex-align-items-flex-start fusion-flex-content-wrap\" style=\"max-width:1185.6px;margin-left: calc(-4% \/ 2 );margin-right: calc(-4% \/ 2 );\"><div class=\"fusion-layout-column fusion_builder_column fusion-builder-column-0 fusion_builder_column_1_1 1_1 fusion-flex-column\" style=\"--awb-bg-size:cover;--awb-width-large:100%;--awb-margin-top-large:0px;--awb-spacing-right-large:1.92%;--awb-margin-bottom-large:20px;--awb-spacing-left-large:1.92%;--awb-width-medium:100%;--awb-order-medium:0;--awb-spacing-right-medium:1.92%;--awb-spacing-left-medium:1.92%;--awb-width-small:100%;--awb-order-small:0;--awb-spacing-right-small:1.92%;--awb-spacing-left-small:1.92%;\"><div class=\"fusion-column-wrapper fusion-column-has-shadow fusion-flex-justify-content-flex-start fusion-content-layout-column\"><div class=\"fusion-widget-area awb-widget-area-element fusion-widget-area-1 fusion-content-widget-area\" style=\"--awb-title-size:18px;--awb-title-color:var(--awb-color8);--awb-padding:0px 0px 0px 0px;\"><div id=\"menu-widget-6\" class=\"widget menu\" style=\"border-style: solid;border-color:transparent;border-width:0px;\"><style type=\"text\/css\">#menu-widget-6{text-align:center;}#fusion-menu-widget-6 li{display:inline-block;}#fusion-menu-widget-6 ul li a{display:inline-block;padding:0;border:0;color:#747474;font-size:18px;}#fusion-menu-widget-6 ul li a:after{content:\"|\";color:#747474;padding-right:5px;padding-left:5px;font-size:18px;}#fusion-menu-widget-6 ul li a:hover,#fusion-menu-widget-6 ul .menu-item.current-menu-item a{color:#ed1c24;}#fusion-menu-widget-6 ul li:last-child a:after{display:none;}#fusion-menu-widget-6 ul li .fusion-widget-cart-number{margin:0 7px;background-color:#ed1c24;color:#747474;}#fusion-menu-widget-6 ul li.fusion-active-cart-icon .fusion-widget-cart-icon:after{color:#ed1c24;}<\/style><nav id=\"fusion-menu-widget-6\" class=\"fusion-widget-menu\" aria-label=\"Navigation secondaire\"><ul id=\"menu-about-us\" class=\"menu\"><li id=\"menu-item-27639\" class=\"menu-item menu-item-type-post_type menu-item-object-page menu-item-27639\"><a href=\"https:\/\/sharpenskillstraining.com\/fr\/about-us\/\">Histoire<\/a><\/li><li id=\"menu-item-27640\" class=\"menu-item menu-item-type-post_type menu-item-object-page menu-item-27640\"><a href=\"https:\/\/sharpenskillstraining.com\/fr\/staff\/\">Our Staff<\/a><\/li><li id=\"menu-item-27641\" class=\"menu-item menu-item-type-post_type menu-item-object-page menu-item-27641\"><a href=\"https:\/\/sharpenskillstraining.com\/fr\/testimonials\/\">T\u00e9moignages<\/a><\/li><li id=\"menu-item-27642\" class=\"menu-item menu-item-type-custom menu-item-object-custom menu-item-27642\"><a target=\"_blank\" href=\"https:\/\/www.vagaro.com\/sharpenskillstraining1\/classes\">Calendrier<\/a><\/li><\/ul><\/nav><\/div><div class=\"fusion-additional-widget-content\"><\/div><\/div><div class=\"fusion-separator fusion-full-width-sep\" style=\"align-self: center;margin-left: auto;margin-right: auto;width:100%;\"><div class=\"fusion-separator-border sep-single sep-solid\" style=\"--awb-height:20px;--awb-amount:20px;border-color:var(--awb-color2);border-top-width:1px;\"><\/div><\/div><\/div><\/div><\/div><\/div>\n<div class=\"fusion-fullwidth fullwidth-box fusion-builder-row-2 fusion-flex-container has-pattern-background has-mask-background nonhundred-percent-fullwidth non-hundred-percent-height-scrolling\" style=\"--awb-border-radius-top-left:0px;--awb-border-radius-top-right:0px;--awb-border-radius-bottom-right:0px;--awb-border-radius-bottom-left:0px;--awb-flex-wrap:wrap;\" ><div class=\"fusion-builder-row fusion-row fusion-flex-align-items-flex-start fusion-flex-content-wrap\" style=\"max-width:1185.6px;margin-left: calc(-4% \/ 2 );margin-right: calc(-4% \/ 2 );\"><div class=\"fusion-layout-column fusion_builder_column fusion-builder-column-1 fusion_builder_column_1_2 1_2 fusion-flex-column\" style=\"--awb-bg-size:cover;--awb-width-large:50%;--awb-margin-top-large:0px;--awb-spacing-right-large:3.84%;--awb-margin-bottom-large:20px;--awb-spacing-left-large:3.84%;--awb-width-medium:100%;--awb-order-medium:0;--awb-spacing-right-medium:1.92%;--awb-spacing-left-medium:1.92%;--awb-width-small:100%;--awb-order-small:0;--awb-spacing-right-small:1.92%;--awb-spacing-left-small:1.92%;\"><div class=\"fusion-column-wrapper fusion-column-has-shadow fusion-flex-justify-content-flex-start fusion-content-layout-column\"><div class=\"fusion-title title fusion-title-1 fusion-sep-none fusion-title-center fusion-title-text fusion-title-size-two\" style=\"--awb-margin-top-small:0px;--awb-margin-right-small:0px;--awb-margin-bottom-small:20px;--awb-margin-left-small:0px;\"><h2 class=\"fusion-title-heading title-heading-center fusion-responsive-typography-calculated\" style=\"margin:0;text-transform:uppercase;--fontSize:34;line-height:1;\">Examens des performances mentales<\/h2><\/div><div class=\"fusion-testimonials classic awb-speech-bubble-show fusion-testimonials-1\" style=\"--awb-textcolor:var(--awb-color8);--awb-backgroundcolor:var(--awb-color2);--awb-margin-bottom:40px;--awb-testimonial-border-style:solid;--awb-testimonial-border-color:var(--awb-color3);--awb-border-top-left-radius:0px;--awb-border-top-right-radius:0px;--awb-border-bottom-left-radius:0px;--awb-border-bottom-right-radius:0px;--testimonial-border-width-top:0px;--testimonial-border-width-right:0px;--testimonial-border-width-bottom:0px;--testimonial-border-width-left:0px;\" data-random=\"0\" data-speed=\"4000\"><div class=\"reviews\"><div class=\"review active-testimonial no-avatar\"><blockquote><div class=\"awb-quote\"><div class=\"awb-quote-content\">\n<p>Aiguiser les comp\u00e9tences Le coaching de performance mentale a chang\u00e9 l&#039;\u00e9tat d&#039;esprit de mes jeunes athl\u00e8tes. Le programme est \u00e0 la fois sp\u00e9cifique au sport et comprend des le\u00e7ons de vie adapt\u00e9es \u00e0 l&#039;\u00e2ge qui peuvent \u00eatre utilis\u00e9es comme \u00e9l\u00e9ments de base \u00e0 mesure qu&#039;ils avancent en \u00e2ge et dans leur sport. Les instructions et les supports ont \u00e9t\u00e9 d\u00e9velopp\u00e9s pour semer les graines de la pens\u00e9e positive, du renforcement de la confiance et de la gestion des obstacles. Mes athl\u00e8tes ont re\u00e7u des outils pour am\u00e9liorer leur discours int\u00e9rieur, se pr\u00e9parent \u00e0 jouer avec des routines positives pour se pr\u00e9parer au succ\u00e8s et \u00e0 relever les d\u00e9fis avec une approche plus positive et r\u00e9siliente. Je recommande fortement l&#039;entra\u00eenement d&#039;Emily aux jeunes athl\u00e8tes qui prennent leur sport au s\u00e9rieux, car cela aide certainement l&#039;athl\u00e8te complet \u00e0 surpasser les autres en contr\u00f4lant ses \u00e9motions et ses attentes afin de d\u00e9gager des performances optimales.<\/p>\n<\/div><\/div><span class=\"awb-triangle\"><\/span><\/blockquote><div class=\"author\"><span class=\"company-name\"><strong>Amy I.<\/strong><\/span><\/div><\/div><\/div><\/div><div class=\"fusion-testimonials classic awb-speech-bubble-show fusion-testimonials-2\" style=\"--awb-textcolor:var(--awb-color8);--awb-backgroundcolor:var(--awb-color2);--awb-margin-bottom:40px;--awb-testimonial-border-style:solid;--awb-testimonial-border-color:var(--awb-color3);--awb-border-top-left-radius:0px;--awb-border-top-right-radius:0px;--awb-border-bottom-left-radius:0px;--awb-border-bottom-right-radius:0px;--testimonial-border-width-top:0px;--testimonial-border-width-right:0px;--testimonial-border-width-bottom:0px;--testimonial-border-width-left:0px;\" data-random=\"0\" data-speed=\"4000\"><div class=\"reviews\"><div class=\"review active-testimonial no-avatar\"><blockquote><div class=\"awb-quote\"><div class=\"awb-quote-content\">\n<p>\u00ab Programme fantastique \u00bb<\/p>\n<p>Je ne savais pas vraiment ce qu&#039;un coach en sant\u00e9 mentale ferait pour am\u00e9liorer les capacit\u00e9s athl\u00e9tiques de notre fils.<\/p>\n<p>Maintenant qu&#039;il a particip\u00e9 au programme en travaillant avec Emily, il a vraiment acquis une bonne perspective sur ses capacit\u00e9s, gagner ou perdre et pas seulement gagner ou perdre, mais comment g\u00e9rer le stress d&#039;\u00eatre un \u00e9tudiant-athl\u00e8te. \u00c9quilibrer les activit\u00e9s acad\u00e9miques, sportives et sociales.<\/p>\n<p>Il aime vraiment rencontrer Emily, non seulement en tant que coach en sant\u00e9 mentale, mais aussi en tant qu&#039;ami qui se soucie de comment il va\u00a0! Ce programme apporte un \u00e9quilibre indispensable \u00e0 l\u2019\u00e9tudiant-athl\u00e8te\u00a0! &quot;RECOMMANDE FORTEMENT!!&quot;<\/p>\n<\/div><\/div><span class=\"awb-triangle\"><\/span><\/blockquote><div class=\"author\"><span class=\"company-name\"><strong>Bill C.<\/strong><\/span><\/div><\/div><\/div><\/div><div class=\"fusion-testimonials classic awb-speech-bubble-show fusion-testimonials-3\" style=\"--awb-textcolor:var(--awb-color8);--awb-backgroundcolor:var(--awb-color2);--awb-margin-bottom:40px;--awb-testimonial-border-style:solid;--awb-testimonial-border-color:var(--awb-color3);--awb-border-top-left-radius:0px;--awb-border-top-right-radius:0px;--awb-border-bottom-left-radius:0px;--awb-border-bottom-right-radius:0px;--testimonial-border-width-top:0px;--testimonial-border-width-right:0px;--testimonial-border-width-bottom:0px;--testimonial-border-width-left:0px;\" data-random=\"0\" data-speed=\"4000\"><div class=\"reviews\"><div class=\"review active-testimonial no-avatar\"><blockquote><div class=\"awb-quote\"><div class=\"awb-quote-content\">\n<p>Ma fille a travaill\u00e9 avec un autre th\u00e9rapeute dans le pass\u00e9 (non associ\u00e9 au SSMPT) et elle redoutait chaque s\u00e9ance. D\u00e9sormais, elle est ravie de parler avec son SSMPT chaque semaine et attend avec impatience ses s\u00e9ances.<\/p>\n<p>Sa confiance en ses capacit\u00e9s, sur et en dehors du terrain, a grandi et elle attribue cela aux conseils qu&#039;elle a re\u00e7us de son \u00ab coach \u00bb SSMPT.<\/p>\n<\/div><\/div><span class=\"awb-triangle\"><\/span><\/blockquote><div class=\"author\"><span class=\"company-name\"><strong>Cindy H.<\/strong><\/span><\/div><\/div><\/div><\/div><div class=\"fusion-testimonials classic awb-speech-bubble-show fusion-testimonials-4\" style=\"--awb-textcolor:var(--awb-color8);--awb-backgroundcolor:var(--awb-color2);--awb-testimonial-border-style:solid;--awb-testimonial-border-color:var(--awb-color3);--awb-border-top-left-radius:0px;--awb-border-top-right-radius:0px;--awb-border-bottom-left-radius:0px;--awb-border-bottom-right-radius:0px;--testimonial-border-width-top:0px;--testimonial-border-width-right:0px;--testimonial-border-width-bottom:0px;--testimonial-border-width-left:0px;\" data-random=\"0\" data-speed=\"4000\"><div class=\"reviews\"><div class=\"review active-testimonial no-avatar\"><blockquote><div class=\"awb-quote\"><div class=\"awb-quote-content\">\n<p>\u00abMa fille souffre d&#039;une grande frustration et d&#039;\u00eatre trop dure avec elle-m\u00eame parce qu&#039;elle n&#039;est pas parfaite dans les sports qu&#039;elle pratique. Cela entra\u00eene des cons\u00e9quences n\u00e9gatives et diminue sa capacit\u00e9 \u00e0 performer. La formation en performance mentale Sharpen Skills lui donne un espace pour parler de ces probl\u00e8mes et apprendre \u00e0 r\u00e9agir diff\u00e9remment \u00e0 ces \u00e9motions. Elle re\u00e7oit un nouvel ensemble d&#039;outils \u00e0 utiliser pour faire face aux hauts et aux bas du sport et de la vie. Emily est authentique, peut s&#039;identifier \u00e0 ma fille et \u00e0 ce qu&#039;elle vit et est tr\u00e8s attentionn\u00e9e. Cette formation est inestimable !<\/p>\n<\/div><\/div><span class=\"awb-triangle\"><\/span><\/blockquote><div class=\"author\"><span class=\"company-name\"><strong>R\u00e9becca C.<\/strong><\/span><\/div><\/div><\/div><\/div><\/div><\/div><div class=\"fusion-layout-column fusion_builder_column fusion-builder-column-2 fusion_builder_column_1_2 1_2 fusion-flex-column\" style=\"--awb-bg-size:cover;--awb-width-large:50%;--awb-margin-top-large:0px;--awb-spacing-right-large:3.84%;--awb-margin-bottom-large:20px;--awb-spacing-left-large:3.84%;--awb-width-medium:100%;--awb-order-medium:0;--awb-spacing-right-medium:1.92%;--awb-spacing-left-medium:1.92%;--awb-width-small:100%;--awb-order-small:0;--awb-spacing-right-small:1.92%;--awb-spacing-left-small:1.92%;\"><div class=\"fusion-column-wrapper fusion-column-has-shadow fusion-flex-justify-content-flex-start fusion-content-layout-column\"><div class=\"fusion-title title fusion-title-2 fusion-sep-none fusion-title-center fusion-title-text fusion-title-size-two\" style=\"--awb-margin-top-small:0px;--awb-margin-right-small:0px;--awb-margin-bottom-small:20px;--awb-margin-left-small:0px;\"><h2 class=\"fusion-title-heading title-heading-center fusion-responsive-typography-calculated\" style=\"margin:0;text-transform:uppercase;--fontSize:34;line-height:1;\">Avis sur l\u2019entra\u00eenement sportif<\/h2><\/div><div class=\"fusion-testimonials classic awb-speech-bubble-show fusion-testimonials-5\" style=\"--awb-textcolor:var(--awb-color8);--awb-backgroundcolor:var(--awb-color2);--awb-margin-bottom:40px;--awb-testimonial-border-style:solid;--awb-testimonial-border-color:var(--awb-color3);--awb-border-top-left-radius:0px;--awb-border-top-right-radius:0px;--awb-border-bottom-left-radius:0px;--awb-border-bottom-right-radius:0px;--testimonial-border-width-top:0px;--testimonial-border-width-right:0px;--testimonial-border-width-bottom:0px;--testimonial-border-width-left:0px;\" data-random=\"0\" data-speed=\"4000\"><div class=\"reviews\"><div class=\"review active-testimonial no-avatar\"><blockquote><div class=\"awb-quote\"><div class=\"awb-quote-content\">\n<p>Un entra\u00eenement de force et d&#039;agilit\u00e9 incroyable ici\u00a0! L&#039;installation est magnifique, propre avec un excellent \u00e9quipement\u00a0! L&#039;entra\u00eeneur Andrew est g\u00e9nial ! J&#039;ai 2 athl\u00e8tes du secondaire et 2 athl\u00e8tes du coll\u00e8ge qui s&#039;entra\u00eenent ici et ils adorent \u00e7a et sont devenus beaucoup plus forts, plus rapides, plus coordonn\u00e9s et plus agiles\u00a0! Nous adorons cet endroit! Je le recommande vivement ! Nous sommes all\u00e9s dans d&#039;autres gymnases et choisirions encore et encore cet endroit plut\u00f4t que n&#039;importe quel autre centre d&#039;entra\u00eenement !<\/p>\n<\/div><\/div><span class=\"awb-triangle\"><\/span><\/blockquote><div class=\"author\"><span class=\"company-name\"><strong>R\u00e9becca C.<\/strong><\/span><\/div><\/div><\/div><\/div><div class=\"fusion-testimonials classic awb-speech-bubble-show fusion-testimonials-6\" style=\"--awb-textcolor:var(--awb-color8);--awb-backgroundcolor:var(--awb-color2);--awb-margin-bottom:40px;--awb-testimonial-border-style:solid;--awb-testimonial-border-color:var(--awb-color3);--awb-border-top-left-radius:0px;--awb-border-top-right-radius:0px;--awb-border-bottom-left-radius:0px;--awb-border-bottom-right-radius:0px;--testimonial-border-width-top:0px;--testimonial-border-width-right:0px;--testimonial-border-width-bottom:0px;--testimonial-border-width-left:0px;\" data-random=\"0\" data-speed=\"4000\"><div class=\"reviews\"><div class=\"review active-testimonial no-avatar\"><blockquote><div class=\"awb-quote\"><div class=\"awb-quote-content\">\n<p>Mes adolescents, hommes et femmes, s&#039;entra\u00eenent dans le cadre de ce programme depuis quelques mois et deviennent plus forts et plus comp\u00e9tents dans leurs sports respectifs. Nous avons \u00e9t\u00e9 tr\u00e8s satisfaits de l&#039;attention port\u00e9e \u00e0 leurs capacit\u00e9s individuelles et des retours du formateur au fur et \u00e0 mesure de leur progression. Mes enfants attendent avec impatience leurs s\u00e9ances de formation et sont ravis de poursuivre les programmes con\u00e7us pour eux et leurs besoins individuels. Nous recommandons fortement la formation Sharpen Skills.<\/p>\n<\/div><\/div><span class=\"awb-triangle\"><\/span><\/blockquote><div class=\"author\"><span class=\"company-name\"><strong>Lani S.<\/strong><\/span><\/div><\/div><\/div><\/div><div class=\"fusion-testimonials classic awb-speech-bubble-show fusion-testimonials-7\" style=\"--awb-textcolor:var(--awb-color8);--awb-backgroundcolor:var(--awb-color2);--awb-margin-bottom:40px;--awb-testimonial-border-style:solid;--awb-testimonial-border-color:var(--awb-color3);--awb-border-top-left-radius:0px;--awb-border-top-right-radius:0px;--awb-border-bottom-left-radius:0px;--awb-border-bottom-right-radius:0px;--testimonial-border-width-top:0px;--testimonial-border-width-right:0px;--testimonial-border-width-bottom:0px;--testimonial-border-width-left:0px;\" data-random=\"0\" data-speed=\"4000\"><div class=\"reviews\"><div class=\"review active-testimonial no-avatar\"><blockquote><div class=\"awb-quote\"><div class=\"awb-quote-content\">\n<p>Mes 2 fils (10 et 14 ans) font du conditionnement avec eux depuis 2 mois. Nous avons constat\u00e9 des r\u00e9sultats \u00e9tonnants, tant en termes de force que d\u2019attitude\u00a0! Lorsque notre emploi du temps le permettra, nous ajouterons des jours suppl\u00e9mentaires.<\/p>\n<\/div><\/div><span class=\"awb-triangle\"><\/span><\/blockquote><div class=\"author\"><span class=\"company-name\"><strong>Todd S.<\/strong><\/span><\/div><\/div><\/div><\/div><div class=\"fusion-testimonials classic awb-speech-bubble-show fusion-testimonials-8\" style=\"--awb-textcolor:var(--awb-color8);--awb-backgroundcolor:var(--awb-color2);--awb-margin-bottom:40px;--awb-testimonial-border-style:solid;--awb-testimonial-border-color:var(--awb-color3);--awb-border-top-left-radius:0px;--awb-border-top-right-radius:0px;--awb-border-bottom-left-radius:0px;--awb-border-bottom-right-radius:0px;--testimonial-border-width-top:0px;--testimonial-border-width-right:0px;--testimonial-border-width-bottom:0px;--testimonial-border-width-left:0px;\" data-random=\"0\" data-speed=\"4000\"><div class=\"reviews\"><div class=\"review active-testimonial no-avatar\"><blockquote><div class=\"awb-quote\"><div class=\"awb-quote-content\">\n<p>\u00ab Noah a d\u00e9montr\u00e9 son engagement \u00e0 courir au cours des trois derni\u00e8res ann\u00e9es. Il a rejoint l&#039;\u00e9quipe de cross-country de St. Ambrose en 8e ann\u00e9e seulement deux semaines avant le d\u00e9but de la saison, terminant ainsi sa campagne en tant que recrue de l&#039;ann\u00e9e. Noah est rest\u00e9 avec Cross Country pendant sa premi\u00e8re ann\u00e9e de lyc\u00e9e \u00e0 travers tous les d\u00e9fis de la pand\u00e9mie. Au cours de la derni\u00e8re saison de cross-country, Noah a constamment am\u00e9lior\u00e9 ses relations publiques, a remport\u00e9 le titre de \u00ab Coureur de la semaine \u00bb par \u00e9quipe et a \u00e9t\u00e9 transf\u00e9r\u00e9 \u00e0 Varsity, une semaine avant de se casser la clavicule dans un accident, mettant ainsi fin \u00e0 sa campagne de deuxi\u00e8me ann\u00e9e.<\/p>\n<p>Dans le cadre de sa convalescence et en pr\u00e9paration pour sa premi\u00e8re saison sur piste, Noah s&#039;est inscrit au Sharpen Skills Elite Performance Package en d\u00e9cembre et a commenc\u00e9 un programme de musculation avec Andrew deux fois par semaine, compl\u00e9t\u00e9 par un coaching mental avec Emily un jour par semaine.<\/p>\n<p>Au cours des trois derniers mois, la force de Noah a consid\u00e9rablement augment\u00e9, sa d\u00e9finition musculaire s&#039;est am\u00e9lior\u00e9e et sa confiance en lui a grandi dans la salle de musculation, dans ses performances en comp\u00e9tition et au lyc\u00e9e. Nous recommandons fortement la formation Sharpen Skills.<\/p>\n<\/div><\/div><span class=\"awb-triangle\"><\/span><\/blockquote><div class=\"author\"><span class=\"company-name\"><strong>M\u00e9lissa et Jeremy L.<\/strong><\/span><\/div><\/div><\/div><\/div><\/div><\/div><div class=\"fusion-layout-column fusion_builder_column fusion-builder-column-3 fusion_builder_column_1_1 1_1 fusion-flex-column\" style=\"--awb-bg-size:cover;--awb-width-large:100%;--awb-margin-top-large:0px;--awb-spacing-right-large:1.92%;--awb-margin-bottom-large:20px;--awb-spacing-left-large:1.92%;--awb-width-medium:100%;--awb-order-medium:0;--awb-spacing-right-medium:1.92%;--awb-spacing-left-medium:1.92%;--awb-width-small:100%;--awb-order-small:0;--awb-spacing-right-small:1.92%;--awb-spacing-left-small:1.92%;\"><div class=\"fusion-column-wrapper fusion-column-has-shadow fusion-flex-justify-content-flex-start fusion-content-layout-column\"><div class=\"fusion-image-element\" style=\"text-align:center;--awb-caption-title-font-family:var(--h2_typography-font-family);--awb-caption-title-font-weight:var(--h2_typography-font-weight);--awb-caption-title-font-style:var(--h2_typography-font-style);--awb-caption-title-size:var(--h2_typography-font-size);--awb-caption-title-transform:var(--h2_typography-text-transform);--awb-caption-title-line-height:var(--h2_typography-line-height);--awb-caption-title-letter-spacing:var(--h2_typography-letter-spacing);\"><span class=\"fusion-imageframe imageframe-none imageframe-1 hover-type-none\"><a class=\"fusion-no-lightbox\" href=\"https:\/\/g.page\/r\/CTeuoc0OiErlEAg\/review\" target=\"_blank\" aria-label=\"g-avis-1\" rel=\"noopener noreferrer\"><img decoding=\"async\" width=\"300\" height=\"180\" src=\"https:\/\/sharpenskillstraining.com\/wp-content\/uploads\/2023\/03\/g-reviews-1.jpg\" data-orig-src=\"https:\/\/sharpenskillstraining.com\/wp-content\/uploads\/2023\/03\/g-reviews-1.jpg\" alt class=\"lazyload img-responsive wp-image-26919\" srcset=\"data:image\/svg+xml,%3Csvg%20xmlns%3D%27http%3A%2F%2Fwww.w3.org%2F2000%2Fsvg%27%20width%3D%27300%27%20height%3D%27180%27%20viewBox%3D%270%200%20300%20180%27%3E%3Crect%20width%3D%27300%27%20height%3D%27180%27%20fill-opacity%3D%220%22%2F%3E%3C%2Fsvg%3E\" data-srcset=\"https:\/\/sharpenskillstraining.com\/wp-content\/uploads\/2023\/03\/g-reviews-1-200x120.jpg 200w, https:\/\/sharpenskillstraining.com\/wp-content\/uploads\/2023\/03\/g-reviews-1.jpg 300w\" data-sizes=\"auto\" data-orig-sizes=\"(max-width: 1024px) 100vw, (max-width: 640px) 100vw, 300px\" \/><\/a><\/span><\/div><\/div><\/div><\/div><\/div><\/p>","protected":false},"excerpt":{"rendered":"","protected":false},"author":11,"featured_media":0,"parent":0,"menu_order":0,"comment_status":"closed","ping_status":"closed","template":"","meta":{"footnotes":""},"class_list":["post-25653","page","type-page","status-publish","hentry"],"_links":{"self":[{"href":"https:\/\/sharpenskillstraining.com\/fr\/wp-json\/wp\/v2\/pages\/25653","targetHints":{"allow":["GET"]}}],"collection":[{"href":"https:\/\/sharpenskillstraining.com\/fr\/wp-json\/wp\/v2\/pages"}],"about":[{"href":"https:\/\/sharpenskillstraining.com\/fr\/wp-json\/wp\/v2\/types\/page"}],"author":[{"embeddable":true,"href":"https:\/\/sharpenskillstraining.com\/fr\/wp-json\/wp\/v2\/users\/11"}],"replies":[{"embeddable":true,"href":"https:\/\/sharpenskillstraining.com\/fr\/wp-json\/wp\/v2\/comments?post=25653"}],"version-history":[{"count":22,"href":"https:\/\/sharpenskillstraining.com\/fr\/wp-json\/wp\/v2\/pages\/25653\/revisions"}],"predecessor-version":[{"id":27648,"href":"https:\/\/sharpenskillstraining.com\/fr\/wp-json\/wp\/v2\/pages\/25653\/revisions\/27648"}],"wp:attachment":[{"href":"https:\/\/sharpenskillstraining.com\/fr\/wp-json\/wp\/v2\/media?parent=25653"}],"curies":[{"name":"wp","href":"https:\/\/api.w.org\/{rel}","templated":true}]}}