{"id":26418,"date":"2023-02-14T00:42:04","date_gmt":"2023-02-14T00:42:04","guid":{"rendered":"https:\/\/sharpenskillstraining.com\/?page_id=26418"},"modified":"2024-05-23T10:35:28","modified_gmt":"2024-05-23T14:35:28","slug":"video-series","status":"publish","type":"page","link":"https:\/\/sharpenskillstraining.com\/fr\/video-series\/","title":{"rendered":"S\u00e9rie vid\u00e9o"},"content":{"rendered":"<p><div class=\"fusion-fullwidth fullwidth-box fusion-builder-row-1 fusion-flex-container has-pattern-background has-mask-background nonhundred-percent-fullwidth non-hundred-percent-height-scrolling\" style=\"--awb-border-radius-top-left:0px;--awb-border-radius-top-right:0px;--awb-border-radius-bottom-right:0px;--awb-border-radius-bottom-left:0px;--awb-flex-wrap:wrap;\" ><div class=\"fusion-builder-row fusion-row fusion-flex-align-items-flex-start fusion-flex-content-wrap\" style=\"max-width:1185.6px;margin-left: calc(-4% \/ 2 );margin-right: calc(-4% \/ 2 );\"><div class=\"fusion-layout-column fusion_builder_column fusion-builder-column-0 fusion_builder_column_1_1 1_1 fusion-flex-column\" style=\"--awb-bg-size:cover;--awb-width-large:100%;--awb-margin-top-large:0px;--awb-spacing-right-large:1.92%;--awb-margin-bottom-large:20px;--awb-spacing-left-large:1.92%;--awb-width-medium:100%;--awb-order-medium:0;--awb-spacing-right-medium:1.92%;--awb-spacing-left-medium:1.92%;--awb-width-small:100%;--awb-order-small:0;--awb-spacing-right-small:1.92%;--awb-spacing-left-small:1.92%;\"><div class=\"fusion-column-wrapper fusion-column-has-shadow fusion-flex-justify-content-flex-start fusion-content-layout-column\"><div class=\"fusion-widget-area awb-widget-area-element fusion-widget-area-1 fusion-content-widget-area\" style=\"--awb-title-size:18px;--awb-title-color:var(--awb-color8);--awb-padding:0px 0px 0px 0px;\"><div id=\"menu-widget-5\" class=\"widget menu\" style=\"border-style: solid;border-color:transparent;border-width:0px;\"><style type=\"text\/css\">#menu-widget-5{text-align:center;}#fusion-menu-widget-5 li{display:inline-block;}#fusion-menu-widget-5 ul li a{display:inline-block;padding:0;border:0;color:#747474;font-size:18px;}#fusion-menu-widget-5 ul li a:after{content:\"|\";color:#747474;padding-right:5px;padding-left:5px;font-size:18px;}#fusion-menu-widget-5 ul li a:hover,#fusion-menu-widget-5 ul .menu-item.current-menu-item a{color:#ed1c24;}#fusion-menu-widget-5 ul li:last-child a:after{display:none;}#fusion-menu-widget-5 ul li .fusion-widget-cart-number{margin:0 7px;background-color:#ed1c24;color:#747474;}#fusion-menu-widget-5 ul li.fusion-active-cart-icon .fusion-widget-cart-icon:after{color:#ed1c24;}<\/style><nav id=\"fusion-menu-widget-5\" class=\"fusion-widget-menu\" aria-label=\"Navigation secondaire\"><ul id=\"menu-resources\" class=\"menu\"><li id=\"menu-item-27624\" class=\"menu-item menu-item-type-post_type menu-item-object-page menu-item-27624\"><a href=\"https:\/\/sharpenskillstraining.com\/fr\/free-resources\/\">Ressources gratuites<\/a><\/li><li id=\"menu-item-27623\" class=\"menu-item menu-item-type-post_type menu-item-object-page menu-item-27623\"><a href=\"https:\/\/sharpenskillstraining.com\/fr\/online-content\/\">Contenu en ligne<\/a><\/li><li id=\"menu-item-27658\" class=\"menu-item menu-item-type-post_type menu-item-object-page menu-item-27658\"><a href=\"https:\/\/sharpenskillstraining.com\/fr\/video-series\/\">S\u00e9rie vid\u00e9o<\/a><\/li><li id=\"menu-item-27625\" class=\"menu-item menu-item-type-post_type menu-item-object-page menu-item-27625\"><a href=\"https:\/\/sharpenskillstraining.com\/fr\/podcast\/\">Podcast<\/a><\/li><\/ul><\/nav><\/div><div class=\"fusion-additional-widget-content\"><\/div><\/div><div class=\"fusion-separator fusion-full-width-sep\" style=\"align-self: center;margin-left: auto;margin-right: auto;width:100%;\"><div class=\"fusion-separator-border sep-single sep-solid\" style=\"--awb-height:20px;--awb-amount:20px;border-color:var(--awb-color2);border-top-width:1px;\"><\/div><\/div><\/div><\/div><\/div><\/div>\n<div class=\"fusion-fullwidth fullwidth-box fusion-builder-row-2 fusion-flex-container has-pattern-background has-mask-background nonhundred-percent-fullwidth non-hundred-percent-height-scrolling\" style=\"--awb-border-radius-top-left:0px;--awb-border-radius-top-right:0px;--awb-border-radius-bottom-right:0px;--awb-border-radius-bottom-left:0px;--awb-flex-wrap:wrap;\" ><div class=\"fusion-builder-row fusion-row fusion-flex-align-items-flex-start fusion-flex-content-wrap\" style=\"max-width:1185.6px;margin-left: calc(-4% \/ 2 );margin-right: calc(-4% \/ 2 );\"><div class=\"fusion-layout-column fusion_builder_column fusion-builder-column-1 fusion_builder_column_1_1 1_1 fusion-flex-column\" style=\"--awb-bg-size:cover;--awb-width-large:100%;--awb-margin-top-large:0px;--awb-spacing-right-large:1.92%;--awb-margin-bottom-large:20px;--awb-spacing-left-large:1.92%;--awb-width-medium:100%;--awb-order-medium:0;--awb-spacing-right-medium:1.92%;--awb-spacing-left-medium:1.92%;--awb-width-small:100%;--awb-order-small:0;--awb-spacing-right-small:1.92%;--awb-spacing-left-small:1.92%;\"><div class=\"fusion-column-wrapper fusion-column-has-shadow fusion-flex-justify-content-flex-start fusion-content-layout-column\"><div class=\"fusion-text fusion-text-1\"><h2 style=\"text-align: center;\">Entra\u00eenez mentalement votre cerveau de la m\u00eame mani\u00e8re que vous entra\u00eenez physiquement votre corps\u00a0!<\/h2>\n<p style=\"text-align: center;\"><strong>NOS RESSOURCES :<br \/>\n<\/strong>\u2022 Augmenter la confiance \u2022 Encourager une attitude positive<br \/>\n\u2022 Stimuler la motivation gr\u00e2ce \u00e0 la d\u00e9finition d&#039;objectifs \u2022 Mettre en \u0153uvre un discours int\u00e9rieur positif et une imagerie mentale<\/p>\n<p style=\"text-align: center;\">Renforcer vos capacit\u00e9s mentales am\u00e9liorera vos performances globales et vous donnera l\u2019avantage sur la concurrence\u00a0!<br \/>\n<strong><em>#b\u00e2tirdesathl\u00e8tescomplets<\/em><\/strong><\/p>\n<\/div><\/div><\/div><\/div><\/div><div class=\"fusion-fullwidth fullwidth-box fusion-builder-row-3 fusion-flex-container has-pattern-background has-mask-background nonhundred-percent-fullwidth non-hundred-percent-height-scrolling\" style=\"--awb-border-radius-top-left:0px;--awb-border-radius-top-right:0px;--awb-border-radius-bottom-right:0px;--awb-border-radius-bottom-left:0px;--awb-flex-wrap:wrap;\" ><div class=\"fusion-builder-row fusion-row fusion-flex-align-items-flex-start fusion-flex-content-wrap\" style=\"max-width:1185.6px;margin-left: calc(-4% \/ 2 );margin-right: calc(-4% \/ 2 );\"><div class=\"fusion-layout-column fusion_builder_column fusion-builder-column-2 fusion_builder_column_1_3 1_3 fusion-flex-column\" style=\"--awb-padding-top:20px;--awb-padding-right:20px;--awb-padding-bottom:20px;--awb-padding-left:20px;--awb-overflow:hidden;--awb-bg-size:cover;--awb-border-color:var(--awb-color2);--awb-border-top:2px;--awb-border-right:2px;--awb-border-bottom:2px;--awb-border-left:2px;--awb-border-style:dashed;--awb-border-radius:10px 10px 10px 10px;--awb-width-large:33.333333333333%;--awb-margin-top-large:0px;--awb-spacing-right-large:5.76%;--awb-margin-bottom-large:20px;--awb-spacing-left-large:5.76%;--awb-width-medium:100%;--awb-order-medium:0;--awb-spacing-right-medium:1.92%;--awb-spacing-left-medium:1.92%;--awb-width-small:100%;--awb-order-small:0;--awb-spacing-right-small:1.92%;--awb-spacing-left-small:1.92%;\" data-scroll-devices=\"small-visibility,medium-visibility,large-visibility\"><div class=\"fusion-column-wrapper fusion-column-has-shadow fusion-flex-justify-content-flex-start fusion-content-layout-column\"><div class=\"fusion-title title fusion-title-1 fusion-sep-none fusion-title-text fusion-title-size-three\" style=\"--awb-margin-top-small:0px;--awb-margin-right-small:0px;--awb-margin-bottom-small:20px;--awb-margin-left-small:0px;\"><h3 class=\"fusion-title-heading title-heading-left fusion-responsive-typography-calculated\" style=\"margin:0;text-transform:uppercase;--fontSize:30;line-height:1;\">Mental Performance: Basics Program<\/h3><\/div><div class=\"fusion-image-element\" style=\"--awb-caption-title-font-family:var(--h2_typography-font-family);--awb-caption-title-font-weight:var(--h2_typography-font-weight);--awb-caption-title-font-style:var(--h2_typography-font-style);--awb-caption-title-size:var(--h2_typography-font-size);--awb-caption-title-transform:var(--h2_typography-text-transform);--awb-caption-title-line-height:var(--h2_typography-line-height);--awb-caption-title-letter-spacing:var(--h2_typography-letter-spacing);\"><span class=\"fusion-imageframe imageframe-none imageframe-1 hover-type-none\"><img decoding=\"async\" width=\"1280\" height=\"720\" title=\"a55c17-7cd-7aaf-4677-e4b273acfc37_Mental_Performance_Basics\" src=\"https:\/\/sharpenskillstraining.com\/wp-content\/uploads\/2024\/05\/a55c17-7cd-7aaf-4677-e4b273acfc37_Mental_Performance_Basics.webp\" data-orig-src=\"https:\/\/sharpenskillstraining.com\/wp-content\/uploads\/2024\/05\/a55c17-7cd-7aaf-4677-e4b273acfc37_Mental_Performance_Basics.webp\" alt class=\"lazyload img-responsive wp-image-28262\" srcset=\"data:image\/svg+xml,%3Csvg%20xmlns%3D%27http%3A%2F%2Fwww.w3.org%2F2000%2Fsvg%27%20width%3D%271280%27%20height%3D%27720%27%20viewBox%3D%270%200%201280%20720%27%3E%3Crect%20width%3D%271280%27%20height%3D%27720%27%20fill-opacity%3D%220%22%2F%3E%3C%2Fsvg%3E\" data-srcset=\"https:\/\/sharpenskillstraining.com\/wp-content\/uploads\/2024\/05\/a55c17-7cd-7aaf-4677-e4b273acfc37_Mental_Performance_Basics-200x113.webp 200w, https:\/\/sharpenskillstraining.com\/wp-content\/uploads\/2024\/05\/a55c17-7cd-7aaf-4677-e4b273acfc37_Mental_Performance_Basics-400x225.webp 400w, https:\/\/sharpenskillstraining.com\/wp-content\/uploads\/2024\/05\/a55c17-7cd-7aaf-4677-e4b273acfc37_Mental_Performance_Basics-600x338.webp 600w, https:\/\/sharpenskillstraining.com\/wp-content\/uploads\/2024\/05\/a55c17-7cd-7aaf-4677-e4b273acfc37_Mental_Performance_Basics-800x450.webp 800w, https:\/\/sharpenskillstraining.com\/wp-content\/uploads\/2024\/05\/a55c17-7cd-7aaf-4677-e4b273acfc37_Mental_Performance_Basics-1200x675.webp 1200w, https:\/\/sharpenskillstraining.com\/wp-content\/uploads\/2024\/05\/a55c17-7cd-7aaf-4677-e4b273acfc37_Mental_Performance_Basics.webp 1280w\" data-sizes=\"auto\" data-orig-sizes=\"(max-width: 1024px) 100vw, (max-width: 640px) 100vw, 400px\" \/><\/span><\/div><div ><a class=\"fusion-button button-flat fusion-button-default-size button-default fusion-button-default button-1 fusion-button-default-span fusion-button-default-type\" style=\"--awb-margin-top:10px;\" target=\"_blank\" rel=\"noopener noreferrer\" href=\"https:\/\/sharpenskillstraining.mykajabi.com\/offers\/FAFEQRdf\/checkout\"><span class=\"fusion-button-text awb-button__text awb-button__text--default\">T\u00e9l\u00e9charger<\/span><\/a><\/div><\/div><\/div><div class=\"fusion-layout-column fusion_builder_column fusion-builder-column-3 fusion_builder_column_1_3 1_3 fusion-flex-column\" style=\"--awb-padding-top:20px;--awb-padding-right:20px;--awb-padding-bottom:20px;--awb-padding-left:20px;--awb-overflow:hidden;--awb-bg-size:cover;--awb-border-color:var(--awb-color2);--awb-border-top:2px;--awb-border-right:2px;--awb-border-bottom:2px;--awb-border-left:2px;--awb-border-style:dashed;--awb-border-radius:10px 10px 10px 10px;--awb-width-large:33.333333333333%;--awb-margin-top-large:0px;--awb-spacing-right-large:5.76%;--awb-margin-bottom-large:20px;--awb-spacing-left-large:5.76%;--awb-width-medium:100%;--awb-order-medium:0;--awb-spacing-right-medium:1.92%;--awb-spacing-left-medium:1.92%;--awb-width-small:100%;--awb-order-small:0;--awb-spacing-right-small:1.92%;--awb-spacing-left-small:1.92%;\" data-scroll-devices=\"small-visibility,medium-visibility,large-visibility\"><div class=\"fusion-column-wrapper fusion-column-has-shadow fusion-flex-justify-content-flex-start fusion-content-layout-column\"><div class=\"fusion-title title fusion-title-2 fusion-sep-none fusion-title-text fusion-title-size-three\" style=\"--awb-margin-top-small:0px;--awb-margin-right-small:0px;--awb-margin-bottom-small:20px;--awb-margin-left-small:0px;\"><h3 class=\"fusion-title-heading title-heading-left fusion-responsive-typography-calculated\" style=\"margin:0;text-transform:uppercase;--fontSize:30;line-height:1;\">Performance mentale\u00a0: \u00e9dition gymnastique<\/h3><\/div><div class=\"fusion-image-element\" style=\"--awb-caption-title-font-family:var(--h2_typography-font-family);--awb-caption-title-font-weight:var(--h2_typography-font-weight);--awb-caption-title-font-style:var(--h2_typography-font-style);--awb-caption-title-size:var(--h2_typography-font-size);--awb-caption-title-transform:var(--h2_typography-text-transform);--awb-caption-title-line-height:var(--h2_typography-line-height);--awb-caption-title-letter-spacing:var(--h2_typography-letter-spacing);\"><span class=\"fusion-imageframe imageframe-none imageframe-2 hover-type-none\"><img decoding=\"async\" width=\"600\" height=\"338\" title=\"Performance mentale \u2013 \u00c9dition Gymnastique\" src=\"https:\/\/sharpenskillstraining.com\/wp-content\/uploads\/2023\/09\/Mental-Performance-Gymnastics-Edition.jpg\" data-orig-src=\"https:\/\/sharpenskillstraining.com\/wp-content\/uploads\/2023\/09\/Mental-Performance-Gymnastics-Edition.jpg\" alt class=\"lazyload img-responsive wp-image-27654\" srcset=\"data:image\/svg+xml,%3Csvg%20xmlns%3D%27http%3A%2F%2Fwww.w3.org%2F2000%2Fsvg%27%20width%3D%27600%27%20height%3D%27338%27%20viewBox%3D%270%200%20600%20338%27%3E%3Crect%20width%3D%27600%27%20height%3D%27338%27%20fill-opacity%3D%220%22%2F%3E%3C%2Fsvg%3E\" data-srcset=\"https:\/\/sharpenskillstraining.com\/wp-content\/uploads\/2023\/09\/Mental-Performance-Gymnastics-Edition-200x113.jpg 200w, https:\/\/sharpenskillstraining.com\/wp-content\/uploads\/2023\/09\/Mental-Performance-Gymnastics-Edition-400x225.jpg 400w, https:\/\/sharpenskillstraining.com\/wp-content\/uploads\/2023\/09\/Mental-Performance-Gymnastics-Edition.jpg 600w\" data-sizes=\"auto\" data-orig-sizes=\"(max-width: 1024px) 100vw, (max-width: 640px) 100vw, 400px\" \/><\/span><\/div><div ><a class=\"fusion-button button-flat fusion-button-default-size button-default fusion-button-default button-2 fusion-button-default-span fusion-button-default-type\" style=\"--awb-margin-top:10px;\" target=\"_blank\" rel=\"noopener noreferrer\" href=\"https:\/\/sharpenskillstraining.mykajabi.com\/offers\/ddoF2DZJ\"><span class=\"fusion-button-text awb-button__text awb-button__text--default\">T\u00e9l\u00e9charger<\/span><\/a><\/div><\/div><\/div><div class=\"fusion-layout-column fusion_builder_column fusion-builder-column-4 fusion_builder_column_1_3 1_3 fusion-flex-column\" style=\"--awb-padding-top:20px;--awb-padding-right:20px;--awb-padding-bottom:20px;--awb-padding-left:20px;--awb-overflow:hidden;--awb-bg-size:cover;--awb-border-color:var(--awb-color2);--awb-border-top:2px;--awb-border-right:2px;--awb-border-bottom:2px;--awb-border-left:2px;--awb-border-style:dashed;--awb-border-radius:10px 10px 10px 10px;--awb-width-large:33.333333333333%;--awb-margin-top-large:0px;--awb-spacing-right-large:5.76%;--awb-margin-bottom-large:20px;--awb-spacing-left-large:5.76%;--awb-width-medium:100%;--awb-order-medium:0;--awb-spacing-right-medium:1.92%;--awb-spacing-left-medium:1.92%;--awb-width-small:100%;--awb-order-small:0;--awb-spacing-right-small:1.92%;--awb-spacing-left-small:1.92%;\" data-scroll-devices=\"small-visibility,medium-visibility,large-visibility\"><div class=\"fusion-column-wrapper fusion-column-has-shadow fusion-flex-justify-content-flex-start fusion-content-layout-column\"><div class=\"fusion-title title fusion-title-3 fusion-sep-none fusion-title-text fusion-title-size-three\" style=\"--awb-margin-top-small:0px;--awb-margin-right-small:0px;--awb-margin-bottom-small:20px;--awb-margin-left-small:0px;\"><h3 class=\"fusion-title-heading title-heading-left fusion-responsive-typography-calculated\" style=\"margin:0;text-transform:uppercase;--fontSize:30;line-height:1;\">Performance mentale\u00a0: \u00e9dition gymnastique<\/h3><\/div><div class=\"fusion-image-element\" style=\"--awb-caption-title-font-family:var(--h2_typography-font-family);--awb-caption-title-font-weight:var(--h2_typography-font-weight);--awb-caption-title-font-style:var(--h2_typography-font-style);--awb-caption-title-size:var(--h2_typography-font-size);--awb-caption-title-transform:var(--h2_typography-text-transform);--awb-caption-title-line-height:var(--h2_typography-line-height);--awb-caption-title-letter-spacing:var(--h2_typography-letter-spacing);\"><span class=\"fusion-imageframe imageframe-none imageframe-3 hover-type-none\"><img decoding=\"async\" width=\"600\" height=\"338\" title=\"Performance mentale \u2013 \u00c9dition Gymnastique\" src=\"https:\/\/sharpenskillstraining.com\/wp-content\/uploads\/2023\/09\/Mental-Performance-Gymnastics-Edition.jpg\" data-orig-src=\"https:\/\/sharpenskillstraining.com\/wp-content\/uploads\/2023\/09\/Mental-Performance-Gymnastics-Edition.jpg\" alt class=\"lazyload img-responsive wp-image-27654\" srcset=\"data:image\/svg+xml,%3Csvg%20xmlns%3D%27http%3A%2F%2Fwww.w3.org%2F2000%2Fsvg%27%20width%3D%27600%27%20height%3D%27338%27%20viewBox%3D%270%200%20600%20338%27%3E%3Crect%20width%3D%27600%27%20height%3D%27338%27%20fill-opacity%3D%220%22%2F%3E%3C%2Fsvg%3E\" data-srcset=\"https:\/\/sharpenskillstraining.com\/wp-content\/uploads\/2023\/09\/Mental-Performance-Gymnastics-Edition-200x113.jpg 200w, https:\/\/sharpenskillstraining.com\/wp-content\/uploads\/2023\/09\/Mental-Performance-Gymnastics-Edition-400x225.jpg 400w, https:\/\/sharpenskillstraining.com\/wp-content\/uploads\/2023\/09\/Mental-Performance-Gymnastics-Edition.jpg 600w\" data-sizes=\"auto\" data-orig-sizes=\"(max-width: 1024px) 100vw, (max-width: 640px) 100vw, 400px\" \/><\/span><\/div><div ><a class=\"fusion-button button-flat fusion-button-default-size button-default fusion-button-default button-3 fusion-button-default-span fusion-button-default-type\" style=\"--awb-margin-top:10px;\" target=\"_blank\" rel=\"noopener noreferrer\" href=\"https:\/\/sharpenskillstraining.mykajabi.com\/offers\/ddoF2DZJ\"><span class=\"fusion-button-text awb-button__text awb-button__text--default\">T\u00e9l\u00e9charger<\/span><\/a><\/div><\/div><\/div><div class=\"fusion-layout-column fusion_builder_column fusion-builder-column-5 fusion_builder_column_1_3 1_3 fusion-flex-column\" style=\"--awb-padding-top:20px;--awb-padding-right:20px;--awb-padding-bottom:20px;--awb-padding-left:20px;--awb-overflow:hidden;--awb-bg-size:cover;--awb-border-color:var(--awb-color2);--awb-border-top:2px;--awb-border-right:2px;--awb-border-bottom:2px;--awb-border-left:2px;--awb-border-style:dashed;--awb-border-radius:10px 10px 10px 10px;--awb-width-large:33.333333333333%;--awb-margin-top-large:0px;--awb-spacing-right-large:5.76%;--awb-margin-bottom-large:20px;--awb-spacing-left-large:5.76%;--awb-width-medium:100%;--awb-order-medium:0;--awb-spacing-right-medium:1.92%;--awb-spacing-left-medium:1.92%;--awb-width-small:100%;--awb-order-small:0;--awb-spacing-right-small:1.92%;--awb-spacing-left-small:1.92%;\" data-scroll-devices=\"small-visibility,medium-visibility,large-visibility\"><div class=\"fusion-column-wrapper fusion-column-has-shadow fusion-flex-justify-content-flex-start fusion-content-layout-column\"><div class=\"fusion-title title fusion-title-4 fusion-sep-none fusion-title-text fusion-title-size-three\" style=\"--awb-margin-top-small:0px;--awb-margin-right-small:0px;--awb-margin-bottom-small:20px;--awb-margin-left-small:0px;\"><h3 class=\"fusion-title-heading title-heading-left fusion-responsive-typography-calculated\" style=\"margin:0;text-transform:uppercase;--fontSize:30;line-height:1;\">Mental Performance: Volleyball Edition<\/h3><\/div><div class=\"fusion-image-element\" style=\"--awb-caption-title-font-family:var(--h2_typography-font-family);--awb-caption-title-font-weight:var(--h2_typography-font-weight);--awb-caption-title-font-style:var(--h2_typography-font-style);--awb-caption-title-size:var(--h2_typography-font-size);--awb-caption-title-transform:var(--h2_typography-text-transform);--awb-caption-title-line-height:var(--h2_typography-line-height);--awb-caption-title-letter-spacing:var(--h2_typography-letter-spacing);\"><span class=\"fusion-imageframe imageframe-none imageframe-4 hover-type-none\"><img decoding=\"async\" width=\"545\" height=\"308\" title=\"Screenshot 2024-05-23 103413\" src=\"https:\/\/sharpenskillstraining.com\/wp-content\/uploads\/2024\/05\/Screenshot-2024-05-23-103413.png\" data-orig-src=\"https:\/\/sharpenskillstraining.com\/wp-content\/uploads\/2024\/05\/Screenshot-2024-05-23-103413.png\" alt class=\"lazyload img-responsive wp-image-28263\" srcset=\"data:image\/svg+xml,%3Csvg%20xmlns%3D%27http%3A%2F%2Fwww.w3.org%2F2000%2Fsvg%27%20width%3D%27545%27%20height%3D%27308%27%20viewBox%3D%270%200%20545%20308%27%3E%3Crect%20width%3D%27545%27%20height%3D%27308%27%20fill-opacity%3D%220%22%2F%3E%3C%2Fsvg%3E\" data-srcset=\"https:\/\/sharpenskillstraining.com\/wp-content\/uploads\/2024\/05\/Screenshot-2024-05-23-103413-200x113.png 200w, https:\/\/sharpenskillstraining.com\/wp-content\/uploads\/2024\/05\/Screenshot-2024-05-23-103413-400x226.png 400w, https:\/\/sharpenskillstraining.com\/wp-content\/uploads\/2024\/05\/Screenshot-2024-05-23-103413.png 545w\" data-sizes=\"auto\" data-orig-sizes=\"(max-width: 1024px) 100vw, (max-width: 640px) 100vw, 400px\" \/><\/span><\/div><div ><a class=\"fusion-button button-flat fusion-button-default-size button-default fusion-button-default button-4 fusion-button-default-span fusion-button-default-type\" style=\"--awb-margin-top:10px;\" target=\"_blank\" rel=\"noopener noreferrer\" href=\"https:\/\/sharpenskillstraining.mykajabi.com\/offers\/RaY89KsF\/checkout\"><span class=\"fusion-button-text awb-button__text awb-button__text--default\">T\u00e9l\u00e9charger<\/span><\/a><\/div><\/div><\/div><\/div><\/div><\/p>","protected":false},"excerpt":{"rendered":"","protected":false},"author":11,"featured_media":0,"parent":0,"menu_order":0,"comment_status":"closed","ping_status":"closed","template":"","meta":{"footnotes":""},"class_list":["post-26418","page","type-page","status-publish","hentry"],"_links":{"self":[{"href":"https:\/\/sharpenskillstraining.com\/fr\/wp-json\/wp\/v2\/pages\/26418","targetHints":{"allow":["GET"]}}],"collection":[{"href":"https:\/\/sharpenskillstraining.com\/fr\/wp-json\/wp\/v2\/pages"}],"about":[{"href":"https:\/\/sharpenskillstraining.com\/fr\/wp-json\/wp\/v2\/types\/page"}],"author":[{"embeddable":true,"href":"https:\/\/sharpenskillstraining.com\/fr\/wp-json\/wp\/v2\/users\/11"}],"replies":[{"embeddable":true,"href":"https:\/\/sharpenskillstraining.com\/fr\/wp-json\/wp\/v2\/comments?post=26418"}],"version-history":[{"count":14,"href":"https:\/\/sharpenskillstraining.com\/fr\/wp-json\/wp\/v2\/pages\/26418\/revisions"}],"predecessor-version":[{"id":28265,"href":"https:\/\/sharpenskillstraining.com\/fr\/wp-json\/wp\/v2\/pages\/26418\/revisions\/28265"}],"wp:attachment":[{"href":"https:\/\/sharpenskillstraining.com\/fr\/wp-json\/wp\/v2\/media?parent=26418"}],"curies":[{"name":"wp","href":"https:\/\/api.w.org\/{rel}","templated":true}]}}