{"id":27014,"date":"2023-03-13T23:31:40","date_gmt":"2023-03-13T23:31:40","guid":{"rendered":"https:\/\/sharpenskillstraining.com\/?page_id=27014"},"modified":"2023-03-13T23:37:11","modified_gmt":"2023-03-13T23:37:11","slug":"conditioning-sessions","status":"publish","type":"page","link":"https:\/\/sharpenskillstraining.com\/fr\/conditioning-sessions\/","title":{"rendered":"S\u00e9ances de conditionnement"},"content":{"rendered":"<div class=\"fusion-fullwidth fullwidth-box fusion-builder-row-1 fusion-flex-container has-pattern-background has-mask-background nonhundred-percent-fullwidth non-hundred-percent-height-scrolling\" style=\"--awb-border-radius-top-left:0px;--awb-border-radius-top-right:0px;--awb-border-radius-bottom-right:0px;--awb-border-radius-bottom-left:0px;--awb-flex-wrap:wrap;\" ><div class=\"fusion-builder-row fusion-row fusion-flex-align-items-flex-start fusion-flex-content-wrap\" style=\"max-width:1185.6px;margin-left: calc(-4% \/ 2 );margin-right: calc(-4% \/ 2 );\"><div class=\"fusion-layout-column fusion_builder_column fusion-builder-column-0 fusion_builder_column_1_1 1_1 fusion-flex-column\" style=\"--awb-bg-size:cover;--awb-width-large:100%;--awb-margin-top-large:0px;--awb-spacing-right-large:1.92%;--awb-margin-bottom-large:20px;--awb-spacing-left-large:1.92%;--awb-width-medium:100%;--awb-order-medium:0;--awb-spacing-right-medium:1.92%;--awb-spacing-left-medium:1.92%;--awb-width-small:100%;--awb-order-small:0;--awb-spacing-right-small:1.92%;--awb-spacing-left-small:1.92%;\"><div class=\"fusion-column-wrapper fusion-column-has-shadow fusion-flex-justify-content-flex-start fusion-content-layout-column\"><div class=\"fusion-title title fusion-title-1 fusion-sep-none fusion-title-center fusion-title-text fusion-title-size-two\" style=\"--awb-margin-top-small:0px;--awb-margin-right-small:0px;--awb-margin-bottom-small:20px;--awb-margin-left-small:0px;\"><h2 class=\"fusion-title-heading title-heading-center fusion-responsive-typography-calculated\" style=\"margin:0;text-transform:uppercase;--fontSize:34;line-height:1;\"><p class=\"p1\">Planifiez vos s\u00e9ances de conditionnement pour \u00eatre vif\u00a0!<\/p><\/h2><\/div><div class=\"fusion-text fusion-text-1\" style=\"--awb-content-alignment:center;\"><p>Les abonnements mensuels pour utiliser nos installations ultramodernes \u00e9laborent un programme d&#039;entra\u00eenement avec nos entra\u00eeneurs en fonction des objectifs de remise en forme de vous ou de votre enfant.<\/p>\n<p>Apr\u00e8s avoir achet\u00e9 un abonnement, APPELEZ ou TEXTE <strong>330-275-3540<\/strong> ou utilisez le lien ci-dessous pour vous inscrire aux s\u00e9ances de conditionnement.<\/p>\n<\/div><div class=\"vagaro\" style=\"width:250px; padding:0; border:0; margin:0auto; text-align:center; font-size:14px; color:#AAA;\"><style>.vagaro a\n{font-size:14px; color:#AAA; text-decoration:none;}<\/style><a\nhref=\"https:\/\/sales.vagaro.com\/\">Propuls\u00e9 par Vagaro<\/a>\u00a0<a\nhref=\"https:\/\/sales.vagaro.com\/salon-software\">Logiciel de salon<\/a>,\u00a0<a href=\"https:\/\/sales.vagaro.com\/spa-software\">Logiciel de spa<\/a>\u00a0&\u00a0<a\nhref=\"https:\/\/sales.vagaro.com\/fitness-software\">Logiciel de remise en forme<\/a><script type=\"text\/javascript\"\nsrc=\"https:\/\/www.vagaro.com\/\/resources\/WidgetPopupLoader\/OZqoCZ8sDpCcT3qnV3Py79oz34mC2PlFK9lRsiWJcyxapkUcXCu7gevEhAJDXwQ4pcUbfY?v=ztO44RwXxWCIozci4crN4OjsylwvrhKvomJk1DnLyGxm#\"><\/script><\/div><\/div><\/div><\/div><\/div>","protected":false},"excerpt":{"rendered":"","protected":false},"author":11,"featured_media":0,"parent":0,"menu_order":0,"comment_status":"closed","ping_status":"closed","template":"","meta":{"footnotes":""},"class_list":["post-27014","page","type-page","status-publish","hentry"],"_links":{"self":[{"href":"https:\/\/sharpenskillstraining.com\/fr\/wp-json\/wp\/v2\/pages\/27014","targetHints":{"allow":["GET"]}}],"collection":[{"href":"https:\/\/sharpenskillstraining.com\/fr\/wp-json\/wp\/v2\/pages"}],"about":[{"href":"https:\/\/sharpenskillstraining.com\/fr\/wp-json\/wp\/v2\/types\/page"}],"author":[{"embeddable":true,"href":"https:\/\/sharpenskillstraining.com\/fr\/wp-json\/wp\/v2\/users\/11"}],"replies":[{"embeddable":true,"href":"https:\/\/sharpenskillstraining.com\/fr\/wp-json\/wp\/v2\/comments?post=27014"}],"version-history":[{"count":4,"href":"https:\/\/sharpenskillstraining.com\/fr\/wp-json\/wp\/v2\/pages\/27014\/revisions"}],"predecessor-version":[{"id":27018,"href":"https:\/\/sharpenskillstraining.com\/fr\/wp-json\/wp\/v2\/pages\/27014\/revisions\/27018"}],"wp:attachment":[{"href":"https:\/\/sharpenskillstraining.com\/fr\/wp-json\/wp\/v2\/media?parent=27014"}],"curies":[{"name":"wp","href":"https:\/\/api.w.org\/{rel}","templated":true}]}}