{"id":27149,"date":"2023-03-20T23:50:46","date_gmt":"2023-03-20T23:50:46","guid":{"rendered":"https:\/\/sharpenskillstraining.com\/?page_id=27149"},"modified":"2026-01-15T15:34:39","modified_gmt":"2026-01-15T20:34:39","slug":"sand-volleyball-leagues","status":"publish","type":"page","link":"https:\/\/sharpenskillstraining.com\/fr\/sand-volleyball-leagues\/","title":{"rendered":"Ligues de volleyball sur sable"},"content":{"rendered":"<div class=\"fusion-fullwidth fullwidth-box fusion-builder-row-1 fusion-flex-container has-pattern-background has-mask-background nonhundred-percent-fullwidth non-hundred-percent-height-scrolling\" style=\"--awb-border-radius-top-left:0px;--awb-border-radius-top-right:0px;--awb-border-radius-bottom-right:0px;--awb-border-radius-bottom-left:0px;--awb-padding-top:30px;--awb-padding-bottom:30px;--awb-flex-wrap:wrap;\" ><div class=\"fusion-builder-row fusion-row fusion-flex-align-items-flex-start fusion-flex-content-wrap\" style=\"max-width:1185.6px;margin-left: calc(-4% \/ 2 );margin-right: calc(-4% \/ 2 );\"><div class=\"fusion-layout-column fusion_builder_column fusion-builder-column-0 fusion_builder_column_2_5 2_5 fusion-flex-column\" style=\"--awb-bg-size:cover;--awb-width-large:40%;--awb-margin-top-large:0px;--awb-spacing-right-large:4.8%;--awb-margin-bottom-large:20px;--awb-spacing-left-large:4.8%;--awb-width-medium:100%;--awb-order-medium:0;--awb-spacing-right-medium:1.92%;--awb-spacing-left-medium:1.92%;--awb-width-small:100%;--awb-order-small:1;--awb-spacing-right-small:1.92%;--awb-spacing-left-small:1.92%;\"><div class=\"fusion-column-wrapper fusion-column-has-shadow fusion-flex-justify-content-flex-start fusion-content-layout-column\"><div class=\"fusion-image-element\" style=\"--awb-caption-title-font-family:var(--h2_typography-font-family);--awb-caption-title-font-weight:var(--h2_typography-font-weight);--awb-caption-title-font-style:var(--h2_typography-font-style);--awb-caption-title-size:var(--h2_typography-font-size);--awb-caption-title-transform:var(--h2_typography-text-transform);--awb-caption-title-line-height:var(--h2_typography-line-height);--awb-caption-title-letter-spacing:var(--h2_typography-letter-spacing);\"><span class=\"fusion-imageframe imageframe-none imageframe-1 hover-type-none\"><img decoding=\"async\" width=\"491\" height=\"505\" title=\"Volley-ball sur sable\" src=\"https:\/\/sharpenskillstraining.com\/wp-content\/uploads\/2023\/04\/Sand-Volleyball.jpg\" data-orig-src=\"https:\/\/sharpenskillstraining.com\/wp-content\/uploads\/2023\/04\/Sand-Volleyball.jpg\" alt class=\"lazyload img-responsive wp-image-27220\" srcset=\"data:image\/svg+xml,%3Csvg%20xmlns%3D%27http%3A%2F%2Fwww.w3.org%2F2000%2Fsvg%27%20width%3D%27491%27%20height%3D%27505%27%20viewBox%3D%270%200%20491%20505%27%3E%3Crect%20width%3D%27491%27%20height%3D%27505%27%20fill-opacity%3D%220%22%2F%3E%3C%2Fsvg%3E\" data-srcset=\"https:\/\/sharpenskillstraining.com\/wp-content\/uploads\/2023\/04\/Sand-Volleyball-200x206.jpg 200w, https:\/\/sharpenskillstraining.com\/wp-content\/uploads\/2023\/04\/Sand-Volleyball-400x411.jpg 400w, https:\/\/sharpenskillstraining.com\/wp-content\/uploads\/2023\/04\/Sand-Volleyball.jpg 491w\" data-sizes=\"auto\" data-orig-sizes=\"(max-width: 1024px) 100vw, (max-width: 640px) 100vw, 491px\" \/><\/span><\/div><\/div><\/div><div class=\"fusion-layout-column fusion_builder_column fusion-builder-column-1 fusion_builder_column_3_5 3_5 fusion-flex-column\" style=\"--awb-bg-size:cover;--awb-width-large:60%;--awb-margin-top-large:0px;--awb-spacing-right-large:3.2%;--awb-margin-bottom-large:20px;--awb-spacing-left-large:3.2%;--awb-width-medium:100%;--awb-order-medium:0;--awb-spacing-right-medium:1.92%;--awb-spacing-left-medium:1.92%;--awb-width-small:100%;--awb-order-small:2;--awb-spacing-right-small:1.92%;--awb-spacing-left-small:1.92%;\"><div class=\"fusion-column-wrapper fusion-column-has-shadow fusion-flex-justify-content-flex-start fusion-content-layout-column\"><div class=\"fusion-title title fusion-title-1 fusion-sep-none fusion-title-text fusion-title-size-two\" style=\"--awb-margin-top-small:0px;--awb-margin-right-small:0px;--awb-margin-bottom-small:20px;--awb-margin-left-small:0px;\"><h2 class=\"fusion-title-heading title-heading-left fusion-responsive-typography-calculated\" style=\"margin:0;text-transform:uppercase;--fontSize:34;line-height:1;\">Sand Volleyball League 2026<\/h2><\/div><div class=\"fusion-text fusion-text-1\"><p>We are bringing a fun, family-friendly, competitive sand volleyball league to Brunswick, OH. With various leagues running Sunday-Thursday! Join us this summer at the Desert Valley Volleyball Courts to have some fun in the sun. Be sure to look through the league descriptions and rules before registering your team.<\/p>\n<p><strong>League:<\/strong> 28 mai - 26 juillet 2026<br \/>\n7 matchs de saison r\u00e9guli\u00e8re + matchs \u00e9liminatoires<br \/>\nLes s\u00e9ries \u00e9liminatoires se d\u00e9rouleront sur une seule journ\u00e9e, la semaine du 20 juillet.<\/p>\n<p><strong>Cl\u00f4ture des inscriptions\u00a0:<\/strong> May 21st at 9pm<br \/>\n<strong>Calendrier:<\/strong> will be released on May 23rd<\/p>\n<\/div><div ><a class=\"fusion-button button-flat fusion-button-default-size button-default fusion-button-default button-1 fusion-button-default-span fusion-button-default-type\" target=\"_blank\" rel=\"noopener noreferrer\" href=\"https:\/\/sharpenskillstraining.com\/wp-content\/uploads\/2026\/01\/2026-SAND-LEAGUES-DESCRIPTIONS.pdf\"><span class=\"fusion-button-text awb-button__text awb-button__text--default\">Download 2026 League Descriptions<\/span><\/a><\/div><div class=\"fusion-separator fusion-full-width-sep\" style=\"align-self: center;margin-left: auto;margin-right: auto;margin-top:10px;width:100%;\"><\/div><div ><a class=\"fusion-button button-flat fusion-button-default-size button-default fusion-button-default button-2 fusion-button-default-span fusion-button-default-type\" target=\"_blank\" rel=\"noopener noreferrer\" href=\"https:\/\/sharpenskillstraining.com\/fr\/produit\/sand-volleyball-league\/\"><span class=\"fusion-button-text awb-button__text awb-button__text--default\">Register for a League<\/span><\/a><\/div><\/div><\/div><div class=\"fusion-layout-column fusion_builder_column fusion-builder-column-2 fusion_builder_column_1_1 1_1 fusion-flex-column\" style=\"--awb-bg-size:cover;--awb-width-large:100%;--awb-margin-top-large:0px;--awb-spacing-right-large:1.92%;--awb-margin-bottom-large:20px;--awb-spacing-left-large:1.92%;--awb-width-medium:100%;--awb-order-medium:0;--awb-spacing-right-medium:1.92%;--awb-spacing-left-medium:1.92%;--awb-width-small:100%;--awb-order-small:0;--awb-spacing-right-small:1.92%;--awb-spacing-left-small:1.92%;\"><div class=\"fusion-column-wrapper fusion-column-has-shadow fusion-flex-justify-content-flex-start fusion-content-layout-column\"><div class=\"accordian fusion-accordian\" style=\"--awb-border-size:1px;--awb-icon-size:16px;--awb-content-font-size:var(--awb-typography4-font-size);--awb-icon-alignment:left;--awb-hover-color:var(--awb-color2);--awb-border-color:var(--awb-color2);--awb-background-color:var(--awb-color1);--awb-divider-color:var(--awb-color2);--awb-divider-hover-color:var(--awb-color3);--awb-icon-color:var(--awb-color1);--awb-title-color:var(--awb-color8);--awb-content-color:var(--awb-color8);--awb-icon-box-color:var(--awb-color8);--awb-toggle-hover-accent-color:var(--awb-color5);--awb-title-font-family:var(--awb-typography1-font-family);--awb-title-font-weight:var(--awb-typography1-font-weight);--awb-title-font-style:var(--awb-typography1-font-style);--awb-title-font-size:1.5em;--awb-title-letter-spacing:1px;--awb-title-line-height:1.5;--awb-content-font-family:var(--awb-typography4-font-family);--awb-content-font-weight:var(--awb-typography4-font-weight);--awb-content-font-style:var(--awb-typography4-font-style);\"><div class=\"panel-group fusion-toggle-icon-boxed\" id=\"accordion-27149-1\"><div class=\"fusion-panel panel-default panel-8d14de99f68925f3a fusion-toggle-no-divider fusion-toggle-boxed-mode\" style=\"--awb-title-color:var(--awb-color8);--awb-content-color:var(--awb-color8);\"><div class=\"panel-heading\"><h4 class=\"panel-title toggle\" id=\"toggle_8d14de99f68925f3a\"><a aria-expanded=\"false\" aria-controls=\"8d14de99f68925f3a\" role=\"button\" data-toggle=\"collapse\" data-parent=\"#accordion-27149-1\" data-target=\"#8d14de99f68925f3a\" href=\"#8d14de99f68925f3a\"><span class=\"fusion-toggle-icon-wrapper\" aria-hidden=\"true\"><i class=\"fa-fusion-box active-icon awb-icon-minus\" aria-hidden=\"true\"><\/i><i class=\"fa-fusion-box inactive-icon awb-icon-plus\" aria-hidden=\"true\"><\/i><\/span><span class=\"fusion-toggle-heading\">Combien de joueurs peut-il y avoir dans une \u00e9quipe ?<\/span><\/a><\/h4><\/div><div id=\"8d14de99f68925f3a\" class=\"panel-collapse collapse\" aria-labelledby=\"toggle_8d14de99f68925f3a\"><div class=\"panel-body toggle-content fusion-clearfix\">\n<ul>\n<li>Pour les doubles, nous vous recommandons de n&#039;avoir que 2 personnes sur la liste, si vous avez besoin d&#039;un rempla\u00e7ant, vous pouvez les ajouter \u00e0 votre liste.<\/li>\n<li>Pour les 4, nous vous recommandons d&#039;avoir 4 \u00e0 8 joueurs sur votre liste.<\/li>\n<li>Pour les 6, nous vous recommandons d&#039;avoir 6 \u00e0 10 joueurs sur votre liste.<\/li>\n<\/ul>\n<\/div><\/div><\/div><div class=\"fusion-panel panel-default panel-f491e33f5ee0ea8c8 fusion-toggle-no-divider fusion-toggle-boxed-mode\" style=\"--awb-title-color:var(--awb-color8);--awb-content-color:var(--awb-color8);\"><div class=\"panel-heading\"><h4 class=\"panel-title toggle\" id=\"toggle_f491e33f5ee0ea8c8\"><a aria-expanded=\"false\" aria-controls=\"f491e33f5ee0ea8c8\" role=\"button\" data-toggle=\"collapse\" data-parent=\"#accordion-27149-1\" data-target=\"#f491e33f5ee0ea8c8\" href=\"#f491e33f5ee0ea8c8\"><span class=\"fusion-toggle-icon-wrapper\" aria-hidden=\"true\"><i class=\"fa-fusion-box active-icon awb-icon-minus\" aria-hidden=\"true\"><\/i><i class=\"fa-fusion-box inactive-icon awb-icon-plus\" aria-hidden=\"true\"><\/i><\/span><span class=\"fusion-toggle-heading\">Quelles sont les r\u00e9partitions par \u00e2ge ?<\/span><\/a><\/h4><\/div><div id=\"f491e33f5ee0ea8c8\" class=\"panel-collapse collapse\" aria-labelledby=\"toggle_f491e33f5ee0ea8c8\"><div class=\"panel-body toggle-content fusion-clearfix\">\n<ul>\n<li><strong>\u00c9cole primaire<\/strong> = 4<sup>\u00e8me<\/sup> \u2013 6<sup>\u00e8me<\/sup> Grade<\/li>\n<li><strong>\u00c9cole interm\u00e9diaire<\/strong> = 7<sup>\u00e8me<\/sup> \u2013 8<sup>\u00e8me<\/sup> grade<\/li>\n<li><strong>Lyc\u00e9e<\/strong> = 9<sup>\u00e8me<\/sup> \u2013 12<sup>\u00e8me<\/sup> grade<\/li>\n<li><strong>Adultes<\/strong> = 18 ans et plus<\/li>\n<\/ul>\n<\/div><\/div><\/div><div class=\"fusion-panel panel-default panel-04f44a14c517144ce fusion-toggle-no-divider fusion-toggle-boxed-mode\" style=\"--awb-title-color:var(--awb-color8);--awb-content-color:var(--awb-color8);\"><div class=\"panel-heading\"><h4 class=\"panel-title toggle\" id=\"toggle_04f44a14c517144ce\"><a aria-expanded=\"false\" aria-controls=\"04f44a14c517144ce\" role=\"button\" data-toggle=\"collapse\" data-parent=\"#accordion-27149-1\" data-target=\"#04f44a14c517144ce\" href=\"#04f44a14c517144ce\"><span class=\"fusion-toggle-icon-wrapper\" aria-hidden=\"true\"><i class=\"fa-fusion-box active-icon awb-icon-minus\" aria-hidden=\"true\"><\/i><i class=\"fa-fusion-box inactive-icon awb-icon-plus\" aria-hidden=\"true\"><\/i><\/span><span class=\"fusion-toggle-heading\">Est-ce que chaque joueur de notre \u00e9quipe doit remplir l\u2019inscription ?<\/span><\/a><\/h4><\/div><div id=\"04f44a14c517144ce\" class=\"panel-collapse collapse\" aria-labelledby=\"toggle_04f44a14c517144ce\"><div class=\"panel-body toggle-content fusion-clearfix\">\n<p>Non, seul le capitaine doit remplir l&#039;inscription. Ils ajouteront ensuite leur co\u00e9quipier \u00e0 une liste.<\/p>\n<\/div><\/div><\/div><div class=\"fusion-panel panel-default panel-2c7617136d1ec6797 fusion-toggle-no-divider fusion-toggle-boxed-mode\" style=\"--awb-title-color:var(--awb-color8);--awb-content-color:var(--awb-color8);\"><div class=\"panel-heading\"><h4 class=\"panel-title toggle\" id=\"toggle_2c7617136d1ec6797\"><a aria-expanded=\"false\" aria-controls=\"2c7617136d1ec6797\" role=\"button\" data-toggle=\"collapse\" data-parent=\"#accordion-27149-1\" data-target=\"#2c7617136d1ec6797\" href=\"#2c7617136d1ec6797\"><span class=\"fusion-toggle-icon-wrapper\" aria-hidden=\"true\"><i class=\"fa-fusion-box active-icon awb-icon-minus\" aria-hidden=\"true\"><\/i><i class=\"fa-fusion-box inactive-icon awb-icon-plus\" aria-hidden=\"true\"><\/i><\/span><span class=\"fusion-toggle-heading\">Quelle est la politique en cas de pluie\/reprogrammation\u00a0?<\/span><\/a><\/h4><\/div><div id=\"2c7617136d1ec6797\" class=\"panel-collapse collapse\" aria-labelledby=\"toggle_2c7617136d1ec6797\"><div class=\"panel-body toggle-content fusion-clearfix\">\n<p>Si la m\u00e9t\u00e9o est injouable (fortes pluies, gr\u00eale, tonnerre, \u00e9clairs, etc.), le match des \u00e9quipes sera report\u00e9 \u00e0 un samedi apr\u00e8s-midi. L&#039;heure mise \u00e0 jour du jeu Rainout sera publi\u00e9e sur le document Google en direct.<\/p>\n<p>Si une \u00e9quipe n&#039;a pas suffisamment de joueurs pour jouer son match pr\u00e9vu, elle peut contacter le capitaine de l&#039;\u00e9quipe adverse et demander \u00e0 jouer le match un samedi apr\u00e8s-midi \u00e0 la place. Si l\u2019\u00e9quipe adverse ne peut pas jouer le match reprogramm\u00e9, elle remportera une victoire pour les 3 sets. L&#039;autre \u00e9quipe sera forfait.<\/p>\n<\/div><\/div><\/div><\/div><\/div><\/div><\/div><\/div><\/div>","protected":false},"excerpt":{"rendered":"","protected":false},"author":11,"featured_media":0,"parent":0,"menu_order":0,"comment_status":"closed","ping_status":"closed","template":"100-width.php","meta":{"footnotes":""},"class_list":["post-27149","page","type-page","status-publish","hentry"],"_links":{"self":[{"href":"https:\/\/sharpenskillstraining.com\/fr\/wp-json\/wp\/v2\/pages\/27149","targetHints":{"allow":["GET"]}}],"collection":[{"href":"https:\/\/sharpenskillstraining.com\/fr\/wp-json\/wp\/v2\/pages"}],"about":[{"href":"https:\/\/sharpenskillstraining.com\/fr\/wp-json\/wp\/v2\/types\/page"}],"author":[{"embeddable":true,"href":"https:\/\/sharpenskillstraining.com\/fr\/wp-json\/wp\/v2\/users\/11"}],"replies":[{"embeddable":true,"href":"https:\/\/sharpenskillstraining.com\/fr\/wp-json\/wp\/v2\/comments?post=27149"}],"version-history":[{"count":49,"href":"https:\/\/sharpenskillstraining.com\/fr\/wp-json\/wp\/v2\/pages\/27149\/revisions"}],"predecessor-version":[{"id":28701,"href":"https:\/\/sharpenskillstraining.com\/fr\/wp-json\/wp\/v2\/pages\/27149\/revisions\/28701"}],"wp:attachment":[{"href":"https:\/\/sharpenskillstraining.com\/fr\/wp-json\/wp\/v2\/media?parent=27149"}],"curies":[{"name":"wp","href":"https:\/\/api.w.org\/{rel}","templated":true}]}}