{"id":27634,"date":"2023-09-17T11:01:03","date_gmt":"2023-09-17T15:01:03","guid":{"rendered":"https:\/\/sharpenskillstraining.com\/?page_id=27634"},"modified":"2023-09-20T21:02:03","modified_gmt":"2023-09-21T01:02:03","slug":"about-us","status":"publish","type":"page","link":"https:\/\/sharpenskillstraining.com\/fr\/about-us\/","title":{"rendered":"\u00c0 propos de nous"},"content":{"rendered":"<p><div class=\"fusion-fullwidth fullwidth-box fusion-builder-row-1 fusion-flex-container has-pattern-background has-mask-background nonhundred-percent-fullwidth non-hundred-percent-height-scrolling\" style=\"--awb-border-radius-top-left:0px;--awb-border-radius-top-right:0px;--awb-border-radius-bottom-right:0px;--awb-border-radius-bottom-left:0px;--awb-padding-top:30px;--awb-padding-bottom:30px;--awb-flex-wrap:wrap;\" ><div class=\"fusion-builder-row fusion-row fusion-flex-align-items-flex-start fusion-flex-content-wrap\" style=\"max-width:1185.6px;margin-left: calc(-4% \/ 2 );margin-right: calc(-4% \/ 2 );\"><div class=\"fusion-layout-column fusion_builder_column fusion-builder-column-0 fusion_builder_column_1_1 1_1 fusion-flex-column\" style=\"--awb-bg-size:cover;--awb-width-large:100%;--awb-margin-top-large:0px;--awb-spacing-right-large:1.92%;--awb-margin-bottom-large:20px;--awb-spacing-left-large:1.92%;--awb-width-medium:100%;--awb-order-medium:0;--awb-spacing-right-medium:1.92%;--awb-spacing-left-medium:1.92%;--awb-width-small:100%;--awb-order-small:0;--awb-spacing-right-small:1.92%;--awb-spacing-left-small:1.92%;\"><div class=\"fusion-column-wrapper fusion-column-has-shadow fusion-flex-justify-content-flex-start fusion-content-layout-column\"><div class=\"fusion-widget-area awb-widget-area-element fusion-widget-area-1 fusion-content-widget-area\" style=\"--awb-title-size:18px;--awb-title-color:var(--awb-color8);--awb-padding:0px 0px 0px 0px;\"><div id=\"menu-widget-6\" class=\"widget menu\" style=\"border-style: solid;border-color:transparent;border-width:0px;\"><style type=\"text\/css\">#menu-widget-6{text-align:center;}#fusion-menu-widget-6 li{display:inline-block;}#fusion-menu-widget-6 ul li a{display:inline-block;padding:0;border:0;color:#747474;font-size:18px;}#fusion-menu-widget-6 ul li a:after{content:\"|\";color:#747474;padding-right:5px;padding-left:5px;font-size:18px;}#fusion-menu-widget-6 ul li a:hover,#fusion-menu-widget-6 ul .menu-item.current-menu-item a{color:#ed1c24;}#fusion-menu-widget-6 ul li:last-child a:after{display:none;}#fusion-menu-widget-6 ul li .fusion-widget-cart-number{margin:0 7px;background-color:#ed1c24;color:#747474;}#fusion-menu-widget-6 ul li.fusion-active-cart-icon .fusion-widget-cart-icon:after{color:#ed1c24;}<\/style><nav id=\"fusion-menu-widget-6\" class=\"fusion-widget-menu\" aria-label=\"Navigation secondaire\"><ul id=\"menu-about-us\" class=\"menu\"><li id=\"menu-item-27639\" class=\"menu-item menu-item-type-post_type menu-item-object-page menu-item-27639\"><a href=\"https:\/\/sharpenskillstraining.com\/fr\/about-us\/\">Histoire<\/a><\/li><li id=\"menu-item-27640\" class=\"menu-item menu-item-type-post_type menu-item-object-page menu-item-27640\"><a href=\"https:\/\/sharpenskillstraining.com\/fr\/staff\/\">Our Staff<\/a><\/li><li id=\"menu-item-27641\" class=\"menu-item menu-item-type-post_type menu-item-object-page menu-item-27641\"><a href=\"https:\/\/sharpenskillstraining.com\/fr\/testimonials\/\">T\u00e9moignages<\/a><\/li><li id=\"menu-item-27642\" class=\"menu-item menu-item-type-custom menu-item-object-custom menu-item-27642\"><a target=\"_blank\" href=\"https:\/\/www.vagaro.com\/sharpenskillstraining1\/classes\">Calendrier<\/a><\/li><\/ul><\/nav><\/div><div class=\"fusion-additional-widget-content\"><\/div><\/div><div class=\"fusion-separator fusion-full-width-sep\" style=\"align-self: center;margin-left: auto;margin-right: auto;width:100%;\"><div class=\"fusion-separator-border sep-single sep-solid\" style=\"--awb-height:20px;--awb-amount:20px;border-color:var(--awb-color2);border-top-width:1px;\"><\/div><\/div><\/div><\/div><\/div><\/div>\n<div class=\"fusion-fullwidth fullwidth-box fusion-builder-row-2 fusion-flex-container has-pattern-background has-mask-background nonhundred-percent-fullwidth non-hundred-percent-height-scrolling\" style=\"--awb-border-radius-top-left:0px;--awb-border-radius-top-right:0px;--awb-border-radius-bottom-right:0px;--awb-border-radius-bottom-left:0px;--awb-padding-top:30px;--awb-padding-bottom:30px;--awb-flex-wrap:wrap;\" ><div class=\"fusion-builder-row fusion-row fusion-flex-align-items-stretch fusion-flex-justify-content-center fusion-flex-content-wrap\" style=\"max-width:1185.6px;margin-left: calc(-4% \/ 2 );margin-right: calc(-4% \/ 2 );\"><div class=\"fusion-layout-column fusion_builder_column fusion-builder-column-1 fusion_builder_column_1_3 1_3 fusion-flex-column\" style=\"--awb-bg-size:cover;--awb-width-large:33.333333333333%;--awb-margin-top-large:0px;--awb-spacing-right-large:5.76%;--awb-margin-bottom-large:20px;--awb-spacing-left-large:5.76%;--awb-width-medium:100%;--awb-order-medium:0;--awb-spacing-right-medium:1.92%;--awb-spacing-left-medium:1.92%;--awb-width-small:100%;--awb-order-small:0;--awb-spacing-right-small:1.92%;--awb-spacing-left-small:1.92%;\"><div class=\"fusion-column-wrapper fusion-column-has-shadow fusion-flex-justify-content-flex-start fusion-content-layout-column\"><div class=\"fusion-image-element\" style=\"text-align:center;--awb-max-width:300px;--awb-caption-title-font-family:var(--h2_typography-font-family);--awb-caption-title-font-weight:var(--h2_typography-font-weight);--awb-caption-title-font-style:var(--h2_typography-font-style);--awb-caption-title-size:var(--h2_typography-font-size);--awb-caption-title-transform:var(--h2_typography-text-transform);--awb-caption-title-line-height:var(--h2_typography-line-height);--awb-caption-title-letter-spacing:var(--h2_typography-letter-spacing);\"><span class=\"fusion-imageframe imageframe-none imageframe-1 hover-type-none\"><img decoding=\"async\" width=\"1024\" height=\"791\" alt=\"SHARPEN Skills Training\" title=\"aiguiser-logo-01\" src=\"data:image\/svg+xml,%3Csvg%20xmlns%3D%27http%3A%2F%2Fwww.w3.org%2F2000%2Fsvg%27%20width%3D%271650%27%20height%3D%271275%27%20viewBox%3D%270%200%201650%201275%27%3E%3Crect%20width%3D%271650%27%20height%3D%271275%27%20fill-opacity%3D%220%22%2F%3E%3C%2Fsvg%3E\" data-orig-src=\"https:\/\/sharpenskillstraining.com\/wp-content\/uploads\/2020\/06\/sharpen-logo-01-1024x791.png\" class=\"lazyload img-responsive wp-image-24574\"\/><\/span><\/div><\/div><\/div><div class=\"fusion-layout-column fusion_builder_column fusion-builder-column-2 fusion_builder_column_2_3 2_3 fusion-flex-column\" style=\"--awb-bg-size:cover;--awb-width-large:66.666666666667%;--awb-margin-top-large:0px;--awb-spacing-right-large:2.88%;--awb-margin-bottom-large:20px;--awb-spacing-left-large:2.88%;--awb-width-medium:100%;--awb-order-medium:0;--awb-spacing-right-medium:1.92%;--awb-spacing-left-medium:1.92%;--awb-width-small:100%;--awb-order-small:0;--awb-spacing-right-small:1.92%;--awb-spacing-left-small:1.92%;\"><div class=\"fusion-column-wrapper fusion-column-has-shadow fusion-flex-justify-content-flex-start fusion-content-layout-column\"><div class=\"fusion-title title fusion-title-1 fusion-sep-none fusion-title-text fusion-title-size-two\" style=\"--awb-margin-bottom:0px;--awb-margin-top-small:0px;--awb-margin-right-small:0px;--awb-margin-bottom-small:20px;--awb-margin-left-small:0px;\"><h2 class=\"fusion-title-heading title-heading-left fusion-responsive-typography-calculated\" style=\"margin:0;text-transform:uppercase;--fontSize:34;line-height:1;\">\u00c9nonc\u00e9 de mission de formation Sharpen Skills<\/h2><\/div><div class=\"fusion-text fusion-text-1\"><blockquote>\n<p>Comme le fer aiguise le fer, une personne en aiguise une autre. Proverbes 27:17.<\/p>\n<\/blockquote>\n<p>Sharpen Skills Training s&#039;engage \u00e0 aiguiser l&#039;esprit, le corps et l&#039;esprit de nos athl\u00e8tes afin qu&#039;ils puissent performer \u00e0 un niveau \u00e9lev\u00e9 et \u00eatre le meilleur d&#039;eux-m\u00eames.<\/p>\n<\/div><\/div><\/div><\/div><\/div><div class=\"fusion-fullwidth fullwidth-box fusion-builder-row-3 fusion-flex-container has-pattern-background has-mask-background nonhundred-percent-fullwidth non-hundred-percent-height-scrolling\" style=\"--awb-border-radius-top-left:0px;--awb-border-radius-top-right:0px;--awb-border-radius-bottom-right:0px;--awb-border-radius-bottom-left:0px;--awb-padding-top:30px;--awb-padding-bottom:30px;--awb-background-color:rgba(235,234,234,0.52);--awb-flex-wrap:wrap;\" ><div class=\"fusion-builder-row fusion-row fusion-flex-align-items-stretch fusion-flex-justify-content-center fusion-flex-content-wrap\" style=\"max-width:1185.6px;margin-left: calc(-4% \/ 2 );margin-right: calc(-4% \/ 2 );\"><div class=\"fusion-layout-column fusion_builder_column fusion-builder-column-3 fusion_builder_column_1_1 1_1 fusion-flex-column\" style=\"--awb-bg-size:cover;--awb-width-large:100%;--awb-margin-top-large:0px;--awb-spacing-right-large:1.92%;--awb-margin-bottom-large:20px;--awb-spacing-left-large:1.92%;--awb-width-medium:100%;--awb-order-medium:0;--awb-spacing-right-medium:1.92%;--awb-spacing-left-medium:1.92%;--awb-width-small:100%;--awb-order-small:0;--awb-spacing-right-small:1.92%;--awb-spacing-left-small:1.92%;\"><div class=\"fusion-column-wrapper fusion-column-has-shadow fusion-flex-justify-content-flex-start fusion-content-layout-column\"><div class=\"fusion-title title fusion-title-2 fusion-sep-none fusion-title-text fusion-title-size-three\" style=\"--awb-margin-top-small:0px;--awb-margin-right-small:0px;--awb-margin-bottom-small:20px;--awb-margin-left-small:0px;\"><h3 class=\"fusion-title-heading title-heading-left fusion-responsive-typography-calculated\" style=\"margin:0;text-transform:uppercase;--fontSize:30;line-height:1;\">Aiguiser les comp\u00e9tences Formation Histoire de l\u2019entreprise<\/h3><\/div><div class=\"fusion-text fusion-text-2 awb-text-cols fusion-text-columns-2\" style=\"--awb-columns:2;--awb-column-spacing:2em;--awb-column-min-width:300px;--awb-rule-style:1px solid var(--awb-color1);\"><p>Sharpen Skills Training a lanc\u00e9 son programme d\u2019entra\u00eenement sportif en 2020, pendant la pand\u00e9mie. Avec seulement quelques poids, du gazon et un nouveau concept d&#039;entra\u00eenement, une m\u00e8re et son fils ont commenc\u00e9 \u00e0 s&#039;entra\u00eener. Au fur et \u00e0 mesure que la nouvelle se r\u00e9pandait, de plus en plus d\u2019athl\u00e8tes et d\u2019adultes ont commenc\u00e9 \u00e0 rejoindre le programme. \u00c0 la fin d&#039;Ambrose Crossing, une salle de musculation compl\u00e8te avec 2 supports de puissance, des halt\u00e8res de 5 lbs. \u00e0 60 lb, des bandes de r\u00e9sistance et une machine \u00e0 c\u00e2ble ont \u00e9t\u00e9 ajout\u00e9es pour faciliter le programme de formation. \u00c0 partir de l\u00e0, l\u2019entra\u00eenement sportif a commenc\u00e9 \u00e0 d\u00e9coller et Sharpen a travaill\u00e9 avec des individus, des petits groupes et des \u00e9quipes dans le cadre de divers cours d\u2019entra\u00eenement.<\/p>\n<p>En 2021, Sharpen Skills Training a mis en place un programme pour entra\u00eener l&#039;esprit des athl\u00e8tes \u00e0 donner le meilleur d&#039;eux-m\u00eames. Le but et l&#039;intention de ce programme \u00e9taient de fournir aux athl\u00e8tes des niveaux interm\u00e9diaire, secondaire et universitaire un espace pour en apprendre davantage sur eux-m\u00eames et trouver diff\u00e9rentes perspectives pour am\u00e9liorer leurs exp\u00e9riences de vie. Un programme a \u00e9t\u00e9 cr\u00e9\u00e9 contenant des sujets tels que renforcer la confiance, faire face aux erreurs, comprendre la peur de l&#039;\u00e9chec, g\u00e9rer les attentes, d\u00e9velopper des styles de communication sains et bien plus encore. Le programme a d\u00e9but\u00e9 avec un petit groupe compos\u00e9 d&#039;athl\u00e8tes de divers sports et s&#039;est d\u00e9velopp\u00e9 pour aider les athl\u00e8tes individuels \u00e0 travers le pays et les programmes d&#039;\u00e9quipes locales.<\/p>\n<p>Sharpen Skills Training a d\u00e9sormais travaill\u00e9 avec des centaines d&#039;athl\u00e8tes gr\u00e2ce \u00e0 la performance physique et mentale. Des cours d&#039;entra\u00eenement pour les jeunes aux comp\u00e9tences sp\u00e9cifiques au sport, en passant par le coaching individuel en mati\u00e8re de performance mentale et l&#039;entra\u00eenement en performance en \u00e9quipe universitaire, l&#039;\u00e9volution de Sharpen ne fait que commencer. Sharpen est l\u00e0 pour former des athl\u00e8tes complets.<\/p>\n<\/div><\/div><\/div><\/div><\/div><\/p>","protected":false},"excerpt":{"rendered":"","protected":false},"author":11,"featured_media":0,"parent":0,"menu_order":0,"comment_status":"closed","ping_status":"closed","template":"100-width.php","meta":{"footnotes":""},"class_list":["post-27634","page","type-page","status-publish","hentry"],"_links":{"self":[{"href":"https:\/\/sharpenskillstraining.com\/fr\/wp-json\/wp\/v2\/pages\/27634","targetHints":{"allow":["GET"]}}],"collection":[{"href":"https:\/\/sharpenskillstraining.com\/fr\/wp-json\/wp\/v2\/pages"}],"about":[{"href":"https:\/\/sharpenskillstraining.com\/fr\/wp-json\/wp\/v2\/types\/page"}],"author":[{"embeddable":true,"href":"https:\/\/sharpenskillstraining.com\/fr\/wp-json\/wp\/v2\/users\/11"}],"replies":[{"embeddable":true,"href":"https:\/\/sharpenskillstraining.com\/fr\/wp-json\/wp\/v2\/comments?post=27634"}],"version-history":[{"count":16,"href":"https:\/\/sharpenskillstraining.com\/fr\/wp-json\/wp\/v2\/pages\/27634\/revisions"}],"predecessor-version":[{"id":27677,"href":"https:\/\/sharpenskillstraining.com\/fr\/wp-json\/wp\/v2\/pages\/27634\/revisions\/27677"}],"wp:attachment":[{"href":"https:\/\/sharpenskillstraining.com\/fr\/wp-json\/wp\/v2\/media?parent=27634"}],"curies":[{"name":"wp","href":"https:\/\/api.w.org\/{rel}","templated":true}]}}