{"id":28389,"date":"2025-01-08T10:24:23","date_gmt":"2025-01-08T15:24:23","guid":{"rendered":"https:\/\/sharpenskillstraining.com\/?page_id=28389"},"modified":"2026-03-02T17:49:57","modified_gmt":"2026-03-02T22:49:57","slug":"mental-performance-reno","status":"publish","type":"page","link":"https:\/\/sharpenskillstraining.com\/fr\/mental-performance-reno\/","title":{"rendered":"Mental Performance Coaching &#8211; Reno"},"content":{"rendered":"<p><div id=\"purchase\" class=\"fusion-container-anchor\"><div class=\"fusion-fullwidth fullwidth-box fusion-builder-row-1 fusion-flex-container has-pattern-background has-mask-background nonhundred-percent-fullwidth non-hundred-percent-height-scrolling\" style=\"--awb-border-radius-top-left:0px;--awb-border-radius-top-right:0px;--awb-border-radius-bottom-right:0px;--awb-border-radius-bottom-left:0px;--awb-background-color:var(--awb-color2);--awb-flex-wrap:wrap;\" ><div class=\"fusion-builder-row fusion-row fusion-flex-align-items-flex-start fusion-flex-justify-content-center fusion-flex-content-wrap\" style=\"max-width:1185.6px;margin-left: calc(-4% \/ 2 );margin-right: calc(-4% \/ 2 );\"><div class=\"fusion-layout-column fusion_builder_column fusion-builder-column-0 fusion_builder_column_5_6 5_6 fusion-flex-column fusion-flex-align-self-stretch\" style=\"--awb-padding-top:20px;--awb-padding-right:20px;--awb-padding-bottom:20px;--awb-padding-left:20px;--awb-bg-size:cover;--awb-border-color:var(--awb-color5);--awb-border-top:1px;--awb-border-right:1px;--awb-border-bottom:1px;--awb-border-left:1px;--awb-border-style:solid;--awb-width-large:83.333333333333%;--awb-margin-top-large:60px;--awb-spacing-right-large:2.304%;--awb-margin-bottom-large:60px;--awb-spacing-left-large:2.304%;--awb-width-medium:100%;--awb-order-medium:0;--awb-spacing-right-medium:1.92%;--awb-spacing-left-medium:1.92%;--awb-width-small:100%;--awb-order-small:0;--awb-spacing-right-small:1.92%;--awb-spacing-left-small:1.92%;\" data-scroll-devices=\"small-visibility,medium-visibility,large-visibility\"><div class=\"fusion-column-wrapper fusion-column-has-shadow fusion-flex-justify-content-flex-start fusion-content-layout-column\"><div class=\"fusion-title title fusion-title-1 fusion-sep-none fusion-title-center fusion-title-text fusion-title-size-two\" style=\"--awb-margin-top-small:0px;--awb-margin-right-small:0px;--awb-margin-bottom-small:20px;--awb-margin-left-small:0px;\"><h2 class=\"fusion-title-heading title-heading-center fusion-responsive-typography-calculated\" style=\"margin:0;text-transform:uppercase;--fontSize:34;line-height:1;\">Ready to Get Started?<\/h2><\/div><div class=\"fusion-title title fusion-title-2 fusion-sep-none fusion-title-center fusion-title-text fusion-title-size-two\" style=\"--awb-text-color:var(--awb-color8);--awb-margin-top-small:0px;--awb-margin-right-small:0px;--awb-margin-bottom-small:20px;--awb-margin-left-small:0px;\"><h2 class=\"fusion-title-heading title-heading-center fusion-responsive-typography-calculated\" style=\"margin:0;text-transform:capitalize;--fontSize:34;line-height:1;\"><p>Entra\u00eenement individuel de pr\u00e9cision en performance mentale<\/p>\n<p>Reno, Nevada<\/p><\/h2><\/div><div class=\"fusion-text fusion-text-1 fusion-text-no-margin\" style=\"--awb-content-alignment:center;--awb-margin-bottom:0px;\"><p>Jusqu&#039;\u00e0 4 s\u00e9ances individuelles avec un coach en performance mentale. Un m\u00e9lange de vid\u00e9os, de s\u00e9ances individuelles et de travail ext\u00e9rieur. L&#039;athl\u00e8te effectuera une \u00e9valuation pour d\u00e9terminer les domaines personnels de son jeu mental qu&#039;il aimerait am\u00e9liorer ou sur lesquels il aimerait travailler pour son sport.<\/p>\n<\/div><div class=\"fusion-builder-row fusion-builder-row-inner fusion-row fusion-flex-align-items-flex-start fusion-flex-justify-content-center fusion-flex-content-wrap\" style=\"--awb-flex-grow:0;--awb-flex-grow-medium:0;--awb-flex-grow-small:0;--awb-flex-shrink:0;--awb-flex-shrink-medium:0;--awb-flex-shrink-small:0;width:104% !important;max-width:104% !important;margin-left: calc(-4% \/ 2 );margin-right: calc(-4% \/ 2 );\"><div class=\"fusion-layout-column fusion_builder_column_inner fusion-builder-nested-column-0 fusion_builder_column_inner_1_3 1_3 fusion-flex-column\" style=\"--awb-bg-size:cover;--awb-width-large:33.333333333333%;--awb-margin-top-large:0px;--awb-spacing-right-large:5.76%;--awb-margin-bottom-large:0px;--awb-spacing-left-large:5.76%;--awb-width-medium:100%;--awb-order-medium:0;--awb-spacing-right-medium:1.92%;--awb-spacing-left-medium:1.92%;--awb-width-small:100%;--awb-order-small:0;--awb-spacing-right-small:1.92%;--awb-spacing-left-small:1.92%;\" data-scroll-devices=\"small-visibility,medium-visibility,large-visibility\"><div class=\"fusion-column-wrapper fusion-column-has-shadow fusion-flex-justify-content-flex-start fusion-content-layout-column\"><div class=\"fusion-text fusion-text-2\" style=\"--awb-content-alignment:center;\"><p><sup>$<\/sup><span style=\"font-family: var(--h3_typography-font-family); font-size: 55px; font-weight: bold; color: #ed1c24;\">460<\/span> USD\/mensuel<\/p>\n<\/div><div style=\"text-align:center;\"><a class=\"fusion-button button-flat fusion-button-default-size button-default fusion-button-default button-1 fusion-button-default-span fusion-button-default-type\" target=\"_blank\" rel=\"noopener noreferrer\" href=\"https:\/\/www.vagaro.com\/sharpenskillstraining-reno\/memberships \"><span class=\"fusion-button-text awb-button__text awb-button__text--default\">Acheter maintenant (USD)<\/span><\/a><\/div><\/div><\/div><div class=\"fusion-layout-column fusion_builder_column_inner fusion-builder-nested-column-1 fusion_builder_column_inner_1_3 1_3 fusion-flex-column\" style=\"--awb-bg-size:cover;--awb-width-large:33.333333333333%;--awb-margin-top-large:0px;--awb-spacing-right-large:5.76%;--awb-margin-bottom-large:0px;--awb-spacing-left-large:5.76%;--awb-width-medium:100%;--awb-order-medium:0;--awb-spacing-right-medium:1.92%;--awb-spacing-left-medium:1.92%;--awb-width-small:100%;--awb-order-small:0;--awb-spacing-right-small:1.92%;--awb-spacing-left-small:1.92%;\" data-scroll-devices=\"small-visibility,medium-visibility,large-visibility\"><div class=\"fusion-column-wrapper fusion-column-has-shadow fusion-flex-justify-content-flex-start fusion-content-layout-column\"><div class=\"fusion-text fusion-text-3\" style=\"--awb-content-alignment:center;\"><p><sup>$<\/sup><span style=\"font-family: var(--h3_typography-font-family); font-size: 55px; font-weight: bold; color: #ed1c24;\">630<\/span> CAD\/mensuel<\/p>\n<\/div><div style=\"text-align:center;\"><a class=\"fusion-button button-flat fusion-button-default-size button-default fusion-button-default button-2 fusion-button-default-span fusion-button-default-type\" target=\"_blank\" rel=\"noopener noreferrer\" href=\"https:\/\/buy.stripe.com\/9AQ15IcpsgaOa8E8wS\"><span class=\"fusion-button-text awb-button__text awb-button__text--default\">Acheter maintenant (CAD)<\/span><\/a><\/div><\/div><\/div><\/div><div class=\"fusion-separator fusion-full-width-sep\" style=\"align-self: center;margin-left: auto;margin-right: auto;margin-top:20px;margin-bottom:20px;width:100%;\"><div class=\"fusion-separator-border sep-single sep-dashed\" style=\"--awb-height:20px;--awb-amount:20px;--awb-sep-color:var(--awb-color7);border-color:var(--awb-color7);border-top-width:1px;\"><\/div><\/div><div class=\"fusion-title title fusion-title-3 fusion-sep-none fusion-title-center fusion-title-text fusion-title-size-two\" style=\"--awb-text-color:var(--awb-color8);--awb-margin-top-small:0px;--awb-margin-right-small:0px;--awb-margin-bottom-small:20px;--awb-margin-left-small:0px;\"><h2 class=\"fusion-title-heading title-heading-center fusion-responsive-typography-calculated\" style=\"margin:0;text-transform:capitalize;--fontSize:34;line-height:1;\">6-month Mental Performance Sessions<\/h2><\/div><div class=\"fusion-text fusion-text-4 fusion-text-no-margin\" style=\"--awb-content-alignment:center;--awb-margin-bottom:0px;\"><p><strong>Save over 25% by purchasing 6 months worth of Mental Performance Sessions.<\/strong><br \/>\n<em>Sessions are valid for 8-months from the time of purchase.\u00a0\u00a0<\/em><\/p>\n<\/div><div class=\"fusion-text fusion-text-5 fusion-text-no-margin\" style=\"--awb-content-alignment:center;--awb-margin-bottom:0px;\"><p>$<span style=\"font-family: var(--h3_typography-font-family); font-size: 55px; font-weight: bold; color: #ed1c24;\">2,000<\/span> USD<\/p>\n<\/div><div style=\"text-align:center;\"><a class=\"fusion-button button-flat fusion-button-default-size button-default fusion-button-default button-3 fusion-button-default-span fusion-button-default-type\" style=\"--awb-margin-top:5px;\" target=\"_blank\" rel=\"noopener noreferrer\" href=\"https:\/\/www.vagaro.com\/sharpenskillstraining-reno\/memberships \"><span class=\"fusion-button-text awb-button__text awb-button__text--default\">BUY NOW<\/span><\/a><\/div><\/div><\/div><\/div><\/div><\/div><div class=\"fusion-fullwidth fullwidth-box fusion-builder-row-2 fusion-flex-container has-pattern-background has-mask-background nonhundred-percent-fullwidth non-hundred-percent-height-scrolling\" style=\"--awb-border-radius-top-left:0px;--awb-border-radius-top-right:0px;--awb-border-radius-bottom-right:0px;--awb-border-radius-bottom-left:0px;--awb-margin-top:30px;--awb-flex-wrap:wrap;\" ><div class=\"fusion-builder-row fusion-row fusion-flex-align-items-flex-start fusion-flex-content-wrap\" style=\"max-width:1185.6px;margin-left: calc(-4% \/ 2 );margin-right: calc(-4% \/ 2 );\"><div class=\"fusion-layout-column fusion_builder_column fusion-builder-column-1 fusion_builder_column_1_1 1_1 fusion-flex-column\" style=\"--awb-bg-size:cover;--awb-width-large:100%;--awb-margin-top-large:0px;--awb-spacing-right-large:1.92%;--awb-margin-bottom-large:20px;--awb-spacing-left-large:1.92%;--awb-width-medium:100%;--awb-order-medium:0;--awb-spacing-right-medium:1.92%;--awb-spacing-left-medium:1.92%;--awb-width-small:100%;--awb-order-small:0;--awb-spacing-right-small:1.92%;--awb-spacing-left-small:1.92%;\"><div class=\"fusion-column-wrapper fusion-column-has-shadow fusion-flex-justify-content-flex-start fusion-content-layout-column\"><div class=\"fusion-title title fusion-title-4 fusion-sep-none fusion-title-center fusion-title-text fusion-title-size-two\" style=\"--awb-margin-top-small:0px;--awb-margin-right-small:0px;--awb-margin-bottom-small:20px;--awb-margin-left-small:0px;\"><h2 class=\"fusion-title-heading title-heading-center fusion-responsive-typography-calculated\" style=\"margin:0;text-transform:uppercase;--fontSize:34;line-height:1;\">Servicing all of the US and Canada<\/h2><\/div><div class=\"fusion-image-element\" style=\"text-align:center;--awb-max-width:900px;--awb-caption-title-font-family:var(--h2_typography-font-family);--awb-caption-title-font-weight:var(--h2_typography-font-weight);--awb-caption-title-font-style:var(--h2_typography-font-style);--awb-caption-title-size:var(--h2_typography-font-size);--awb-caption-title-transform:var(--h2_typography-text-transform);--awb-caption-title-line-height:var(--h2_typography-line-height);--awb-caption-title-letter-spacing:var(--h2_typography-letter-spacing);\"><span class=\"fusion-imageframe imageframe-none imageframe-1 hover-type-none\"><img decoding=\"async\" width=\"791\" height=\"1024\" title=\"Office Locations Reno, NV &#038; Cleveland, OH\" src=\"https:\/\/sharpenskillstraining.com\/wp-content\/uploads\/2026\/01\/Office-Locations-Reno-NV-Cleveland-OH.png\" data-orig-src=\"https:\/\/sharpenskillstraining.com\/wp-content\/uploads\/2026\/01\/Office-Locations-Reno-NV-Cleveland-OH-791x1024.png\" alt class=\"lazyload img-responsive wp-image-28693\" srcset=\"data:image\/svg+xml,%3Csvg%20xmlns%3D%27http%3A%2F%2Fwww.w3.org%2F2000%2Fsvg%27%20width%3D%271545%27%20height%3D%272000%27%20viewBox%3D%270%200%201545%202000%27%3E%3Crect%20width%3D%271545%27%20height%3D%272000%27%20fill-opacity%3D%220%22%2F%3E%3C%2Fsvg%3E\" data-srcset=\"https:\/\/sharpenskillstraining.com\/wp-content\/uploads\/2026\/01\/Office-Locations-Reno-NV-Cleveland-OH-200x259.png 200w, https:\/\/sharpenskillstraining.com\/wp-content\/uploads\/2026\/01\/Office-Locations-Reno-NV-Cleveland-OH-400x518.png 400w, https:\/\/sharpenskillstraining.com\/wp-content\/uploads\/2026\/01\/Office-Locations-Reno-NV-Cleveland-OH-600x777.png 600w, https:\/\/sharpenskillstraining.com\/wp-content\/uploads\/2026\/01\/Office-Locations-Reno-NV-Cleveland-OH-800x1036.png 800w, https:\/\/sharpenskillstraining.com\/wp-content\/uploads\/2026\/01\/Office-Locations-Reno-NV-Cleveland-OH-1200x1553.png 1200w, https:\/\/sharpenskillstraining.com\/wp-content\/uploads\/2026\/01\/Office-Locations-Reno-NV-Cleveland-OH.png 1545w\" data-sizes=\"auto\" data-orig-sizes=\"(max-width: 1024px) 100vw, (max-width: 640px) 100vw, 1200px\" \/><\/span><\/div><\/div><\/div><\/div><\/div><div class=\"fusion-fullwidth fullwidth-box fusion-builder-row-3 fusion-flex-container has-pattern-background has-mask-background nonhundred-percent-fullwidth non-hundred-percent-height-scrolling\" style=\"--awb-border-radius-top-left:0px;--awb-border-radius-top-right:0px;--awb-border-radius-bottom-right:0px;--awb-border-radius-bottom-left:0px;--awb-flex-wrap:wrap;\" ><div class=\"fusion-builder-row fusion-row fusion-flex-align-items-flex-start fusion-flex-content-wrap\" style=\"max-width:1185.6px;margin-left: calc(-4% \/ 2 );margin-right: calc(-4% \/ 2 );\"><div class=\"fusion-layout-column fusion_builder_column fusion-builder-column-2 fusion_builder_column_1_1 1_1 fusion-flex-column\" style=\"--awb-bg-size:cover;--awb-width-large:100%;--awb-margin-top-large:0px;--awb-spacing-right-large:1.92%;--awb-margin-bottom-large:20px;--awb-spacing-left-large:1.92%;--awb-width-medium:100%;--awb-order-medium:0;--awb-spacing-right-medium:1.92%;--awb-spacing-left-medium:1.92%;--awb-width-small:100%;--awb-order-small:0;--awb-spacing-right-small:1.92%;--awb-spacing-left-small:1.92%;\"><div class=\"fusion-column-wrapper fusion-column-has-shadow fusion-flex-justify-content-flex-start fusion-content-layout-column\"><div class=\"fusion-text fusion-text-6\"><p>\u00a0<\/p>\n<\/div><div class=\"fusion-text fusion-text-7\"><p>En plus des ateliers de musculation et de conditionnement physique, Sharpen Skills Training propose une formation en performance mentale dans nos locaux du 978 Pearl Road \u00e0 Brunswick, Ohio. Nous aidons \u00e9galement les athl\u00e8tes qui souffrent de yips \u00e0 les surmonter et \u00e0 surmonter leur anxi\u00e9t\u00e9 de performance afin de pouvoir revenir dans le jeu. Gr\u00e2ce \u00e0 notre soutien en psychologie du sport, les athl\u00e8tes peuvent s\u2019attendre \u00e0 avoir une confiance accrue et de meilleures attitudes. L\u2019entra\u00eenement \u00e0 la performance mentale renforcera leur imagerie mentale et augmentera leur motivation. Nous avons constat\u00e9 que le renforcement des capacit\u00e9s mentales d\u2019un athl\u00e8te est tout aussi important que le renforcement de ses capacit\u00e9s physiques. Sharpen Skills propose un appel d&#039;introduction gratuit o\u00f9 les parents et leurs jeunes athl\u00e8tes peuvent parler avec un membre entra\u00eeneur pour expliquer leurs pr\u00e9occupations et discuter des activit\u00e9s possibles pour r\u00e9soudre les probl\u00e8mes qu&#039;ils pourraient rencontrer. Apr\u00e8s leur appel d&#039;introduction GRATUIT, les athl\u00e8tes pourront s&#039;inscrire \u00e0 un programme hebdomadaire personnalis\u00e9 ou \u00e0 d&#039;autres opportunit\u00e9s de ressources.<\/p>\n<p>La psychologie du sport est utilis\u00e9e pour aider les athl\u00e8tes \u00e0 \u00e9liminer les distractions et \u00e0 g\u00e9rer leur concentration. Au cours de l\u2019entra\u00eenement de performance mentale, les athl\u00e8tes apprendront \u00e0 se fixer des objectifs r\u00e9alistes et \u00e0 utiliser des techniques de motivation. Votre coach vous aidera \u00e9galement \u00e0 apprendre \u00e0 vous concentrer au mieux sur votre t\u00e2che \u00e0 accomplir. La composante mentale d\u2019un sport est tout aussi importante que la composante physique. Il a \u00e9t\u00e9 d\u00e9termin\u00e9 que la force mentale est l\u2019une des caract\u00e9ristiques psychologiques les plus importantes pour un athl\u00e8te cherchant \u00e0 atteindre une performance physique optimale. Sharpen Skills Training vise \u00e0 aider les athl\u00e8tes \u00e0 d\u00e9velopper \u00e0 la fois leurs attributs mentaux et leurs attributs physiques. Notre centre de remise en forme est ouvert du lundi au vendredi, de 8h00 \u00e0 19h00 ; Les samedis et dimanches sur rendez-vous uniquement.<\/p>\n<\/div><\/div><\/div><\/div><\/div><\/p>","protected":false},"excerpt":{"rendered":"","protected":false},"author":96,"featured_media":0,"parent":0,"menu_order":0,"comment_status":"closed","ping_status":"closed","template":"100-width.php","meta":{"footnotes":""},"class_list":["post-28389","page","type-page","status-publish","hentry"],"_links":{"self":[{"href":"https:\/\/sharpenskillstraining.com\/fr\/wp-json\/wp\/v2\/pages\/28389","targetHints":{"allow":["GET"]}}],"collection":[{"href":"https:\/\/sharpenskillstraining.com\/fr\/wp-json\/wp\/v2\/pages"}],"about":[{"href":"https:\/\/sharpenskillstraining.com\/fr\/wp-json\/wp\/v2\/types\/page"}],"author":[{"embeddable":true,"href":"https:\/\/sharpenskillstraining.com\/fr\/wp-json\/wp\/v2\/users\/96"}],"replies":[{"embeddable":true,"href":"https:\/\/sharpenskillstraining.com\/fr\/wp-json\/wp\/v2\/comments?post=28389"}],"version-history":[{"count":4,"href":"https:\/\/sharpenskillstraining.com\/fr\/wp-json\/wp\/v2\/pages\/28389\/revisions"}],"predecessor-version":[{"id":29520,"href":"https:\/\/sharpenskillstraining.com\/fr\/wp-json\/wp\/v2\/pages\/28389\/revisions\/29520"}],"wp:attachment":[{"href":"https:\/\/sharpenskillstraining.com\/fr\/wp-json\/wp\/v2\/media?parent=28389"}],"curies":[{"name":"wp","href":"https:\/\/api.w.org\/{rel}","templated":true}]}}