{"id":25157,"date":"2021-09-25T17:44:39","date_gmt":"2021-09-25T17:44:39","guid":{"rendered":"https:\/\/sharpenskillstraining.com\/?post_type=product&#038;p=25157"},"modified":"2023-12-12T21:00:54","modified_gmt":"2023-12-13T02:00:54","slug":"jo-volleyball-tryout-prep","status":"publish","type":"product","link":"https:\/\/sharpenskillstraining.com\/fr\/produit\/jo-volleyball-tryout-prep\/","title":{"rendered":"Ligue fondamentale de crosse"},"content":{"rendered":"","protected":false},"excerpt":{"rendered":"<div class=\"et_pb_row et_pb_row_1\">\n<div class=\"et_pb_column et_pb_column_1_2 et_pb_column_1 et_pb_css_mix_blend_mode_passthrough\">\n<div class=\"et_pb_module et_pb_text et_pb_text_0 et_pb_text_align_left et_pb_bg_layout_light\">\n<div class=\"et_pb_text_inner\">\n<div class=\"page\" title=\"Page 1\">\n<div class=\"section\">\n<div class=\"layoutArea\">\n<div class=\"column\">\n<p>Cr\u00e9ez une \u00e9quipe ou rejoignez-nous en tant qu&#039;individu pour jouer dans notre Spring Foundational Lacrosse League. Cette ligue est mixte 4 contre 4 pour les \u00e9l\u00e8ves de 1re et 2e ann\u00e9es qui souhaitent acqu\u00e9rir une exp\u00e9rience de jeu en direct. Les \u00e9quipes joueront 6 semaines de matchs de saison r\u00e9guli\u00e8re, la semaine 7 \u00e9tant des s\u00e9ries \u00e9liminatoires pour tout le monde.<\/p>\n<\/div>\n<\/div>\n<div class=\"layoutArea\">\n<div class=\"column\">\n<p><strong>\u00c9quipement:<\/strong><br \/>\nTous les joueurs ont besoin de leur propre b\u00e2ton<br \/>\nBallons, buts et t-shirts seront fournis<\/p>\n<p><strong>Session de printemps\u00a0:<\/strong><br \/>\nSamedis | 6 avril \u2013 18 mai<br \/>\nHoraires de jeu entre 10h et 16h<\/p>\n<div class=\"page\" title=\"Page 1\">\n<div class=\"section\">\n<div class=\"layoutArea\">\n<div class=\"column\">\n<p><strong>Co\u00fbt:<\/strong><br \/>\nInscription des \u00e9quipes $600 par \u00e9quipe<br \/>\nInscription Individuelle $85 par joueur<\/p>\n<\/div>\n<\/div>\n<\/div>\n<\/div>\n<\/div>\n<\/div>\n<\/div>\n<\/div>\n<\/div>\n<\/div>\n<\/div>\n<\/div>","protected":false},"featured_media":26645,"comment_status":"closed","ping_status":"closed","template":"","meta":[],"product_brand":[],"product_cat":[75],"product_tag":[],"class_list":{"0":"post-25157","1":"product","2":"type-product","3":"status-publish","4":"has-post-thumbnail","6":"product_cat-league","8":"first","9":"instock","10":"sold-individually","11":"shipping-taxable","12":"purchasable","13":"product-type-variable"},"_links":{"self":[{"href":"https:\/\/sharpenskillstraining.com\/fr\/wp-json\/wp\/v2\/product\/25157","targetHints":{"allow":["GET"]}}],"collection":[{"href":"https:\/\/sharpenskillstraining.com\/fr\/wp-json\/wp\/v2\/product"}],"about":[{"href":"https:\/\/sharpenskillstraining.com\/fr\/wp-json\/wp\/v2\/types\/product"}],"replies":[{"embeddable":true,"href":"https:\/\/sharpenskillstraining.com\/fr\/wp-json\/wp\/v2\/comments?post=25157"}],"wp:featuredmedia":[{"embeddable":true,"href":"https:\/\/sharpenskillstraining.com\/fr\/wp-json\/wp\/v2\/media\/26645"}],"wp:attachment":[{"href":"https:\/\/sharpenskillstraining.com\/fr\/wp-json\/wp\/v2\/media?parent=25157"}],"wp:term":[{"taxonomy":"product_brand","embeddable":true,"href":"https:\/\/sharpenskillstraining.com\/fr\/wp-json\/wp\/v2\/product_brand?post=25157"},{"taxonomy":"product_cat","embeddable":true,"href":"https:\/\/sharpenskillstraining.com\/fr\/wp-json\/wp\/v2\/product_cat?post=25157"},{"taxonomy":"product_tag","embeddable":true,"href":"https:\/\/sharpenskillstraining.com\/fr\/wp-json\/wp\/v2\/product_tag?post=25157"}],"curies":[{"name":"wp","href":"https:\/\/api.w.org\/{rel}","templated":true}]}}