{"id":25311,"date":"2021-12-13T00:24:41","date_gmt":"2021-12-13T00:24:41","guid":{"rendered":"https:\/\/sharpenskillstraining.com\/?post_type=product&#038;p=25311"},"modified":"2023-03-12T00:53:04","modified_gmt":"2023-03-12T00:53:04","slug":"baseball-skills-session","status":"publish","type":"product","link":"https:\/\/sharpenskillstraining.com\/fr\/produit\/baseball-skills-session\/","title":{"rendered":"S\u00e9ance de comp\u00e9tences en baseball"},"content":{"rendered":"","protected":false},"excerpt":{"rendered":"<p>Nous proposons des s\u00e9ances d&#039;une heure pour affiner le d\u00e9veloppement de vos comp\u00e9tences sp\u00e9cifiques au baseball\u00a0! Travaillez \u00e0 frapper dans notre cage et \u00e0 aligner avec notre entra\u00eeneur sportif.<\/p>\n<p>S\u00e9ance en petit groupe\u00a0:\u00a0<strong>$30<\/strong>\u00a0par athl\u00e8te (maximum 4 athl\u00e8tes)<br \/>\nSession priv\u00e9e:\u00a0<strong>$70<\/strong>\u00a0par heure<\/p>\n<p>Appel\/Sms\u00a0<strong>330-275-3540<\/strong>\u00a0pour planifier<\/p>\n<h4>Options d&#039;achat de s\u00e9ances de comp\u00e9tences de baseball\u00a0:<\/h4>\n<p><strong>$35<\/strong>\u00a0petit groupe<br \/>\n<strong>$70<\/strong>\u00a0cours priv\u00e9<br \/>\n<strong>$150<\/strong>\u00a0Pack de 5 petits groupes<br \/>\n<strong>$300<\/strong>\u00a0Pack de 5 cours particuliers<br \/>\n<strong>$250<\/strong>\u00a0Pack de 10 en petit groupe<br \/>\n<strong>$500<\/strong>\u00a0Pack de 10 cours particuliers<\/p>","protected":false},"featured_media":26806,"comment_status":"closed","ping_status":"closed","template":"","meta":[],"product_brand":[],"product_cat":[22],"product_tag":[],"class_list":{"0":"post-25311","1":"product","2":"type-product","3":"status-publish","4":"has-post-thumbnail","6":"product_cat-sessions","8":"first","9":"instock","10":"shipping-taxable","11":"purchasable","12":"product-type-variable"},"_links":{"self":[{"href":"https:\/\/sharpenskillstraining.com\/fr\/wp-json\/wp\/v2\/product\/25311","targetHints":{"allow":["GET"]}}],"collection":[{"href":"https:\/\/sharpenskillstraining.com\/fr\/wp-json\/wp\/v2\/product"}],"about":[{"href":"https:\/\/sharpenskillstraining.com\/fr\/wp-json\/wp\/v2\/types\/product"}],"replies":[{"embeddable":true,"href":"https:\/\/sharpenskillstraining.com\/fr\/wp-json\/wp\/v2\/comments?post=25311"}],"wp:featuredmedia":[{"embeddable":true,"href":"https:\/\/sharpenskillstraining.com\/fr\/wp-json\/wp\/v2\/media\/26806"}],"wp:attachment":[{"href":"https:\/\/sharpenskillstraining.com\/fr\/wp-json\/wp\/v2\/media?parent=25311"}],"wp:term":[{"taxonomy":"product_brand","embeddable":true,"href":"https:\/\/sharpenskillstraining.com\/fr\/wp-json\/wp\/v2\/product_brand?post=25311"},{"taxonomy":"product_cat","embeddable":true,"href":"https:\/\/sharpenskillstraining.com\/fr\/wp-json\/wp\/v2\/product_cat?post=25311"},{"taxonomy":"product_tag","embeddable":true,"href":"https:\/\/sharpenskillstraining.com\/fr\/wp-json\/wp\/v2\/product_tag?post=25311"}],"curies":[{"name":"wp","href":"https:\/\/api.w.org\/{rel}","templated":true}]}}