{"id":25478,"date":"2022-04-01T18:32:40","date_gmt":"2022-04-01T18:32:40","guid":{"rendered":"https:\/\/sharpenskillstraining.com\/?post_type=product&#038;p=25478"},"modified":"2023-11-29T20:05:22","modified_gmt":"2023-11-30T01:05:22","slug":"skill-specific-volleyball-camp","status":"publish","type":"product","link":"https:\/\/sharpenskillstraining.com\/fr\/produit\/skill-specific-volleyball-camp\/","title":{"rendered":"Camp de volleyball sp\u00e9cifique aux comp\u00e9tences"},"content":{"rendered":"","protected":false},"excerpt":{"rendered":"<div class=\"page\" title=\"Page 4\">\n<div class=\"section\">\n<div class=\"layoutArea\">\n<div class=\"column\">\n<p>Camp de volleyball sp\u00e9cifique aux comp\u00e9tences pour les personnes exp\u00e9riment\u00e9es en volleyball. Affinez vos fondamentaux avec les programmes de 4 semaines suivants. Ouvert \u00e0 ceux qui entrent de la 7e \u00e0 la 9e ann\u00e9e.<\/p>\n<h3>S\u00e9ances et horaires<\/h3>\n<p><strong>S\u00c9ANCE DE PASSAGE ET DE SERVICE\u00a0:<\/strong> 9 juin \u2013 30 juin 2024 | Dimanches de 16h \u00e0 17h30<br \/>\n<strong>S\u00e9ance de r\u00e9glage et de frappe\u00a0:<\/strong> 9 juin \u2013 30 juin 2024 | Dimanches de 18h \u00e0 19h30<\/p>\n<p><strong>Notes\u00a0:<\/strong> 7e-9e ann\u00e9e<br \/>\n<strong>Exp\u00e9rience:<\/strong> Interm\u00e9diaire \u00e0 Avanc\u00e9<br \/>\n<strong>Co\u00fbt:<\/strong> $150 pour 1 session $275 pour les deux sessions<\/p>\n<\/div>\n<\/div>\n<\/div>\n<\/div>","protected":false},"featured_media":25442,"comment_status":"closed","ping_status":"closed","template":"","meta":[],"product_brand":[],"product_cat":[78],"product_tag":[],"class_list":{"0":"post-25478","1":"product","2":"type-product","3":"status-publish","4":"has-post-thumbnail","6":"product_cat-camps","8":"first","9":"instock","10":"shipping-taxable","11":"purchasable","12":"product-type-variable"},"_links":{"self":[{"href":"https:\/\/sharpenskillstraining.com\/fr\/wp-json\/wp\/v2\/product\/25478","targetHints":{"allow":["GET"]}}],"collection":[{"href":"https:\/\/sharpenskillstraining.com\/fr\/wp-json\/wp\/v2\/product"}],"about":[{"href":"https:\/\/sharpenskillstraining.com\/fr\/wp-json\/wp\/v2\/types\/product"}],"replies":[{"embeddable":true,"href":"https:\/\/sharpenskillstraining.com\/fr\/wp-json\/wp\/v2\/comments?post=25478"}],"wp:featuredmedia":[{"embeddable":true,"href":"https:\/\/sharpenskillstraining.com\/fr\/wp-json\/wp\/v2\/media\/25442"}],"wp:attachment":[{"href":"https:\/\/sharpenskillstraining.com\/fr\/wp-json\/wp\/v2\/media?parent=25478"}],"wp:term":[{"taxonomy":"product_brand","embeddable":true,"href":"https:\/\/sharpenskillstraining.com\/fr\/wp-json\/wp\/v2\/product_brand?post=25478"},{"taxonomy":"product_cat","embeddable":true,"href":"https:\/\/sharpenskillstraining.com\/fr\/wp-json\/wp\/v2\/product_cat?post=25478"},{"taxonomy":"product_tag","embeddable":true,"href":"https:\/\/sharpenskillstraining.com\/fr\/wp-json\/wp\/v2\/product_tag?post=25478"}],"curies":[{"name":"wp","href":"https:\/\/api.w.org\/{rel}","templated":true}]}}