{"id":27800,"date":"2023-11-28T16:42:43","date_gmt":"2023-11-28T21:42:43","guid":{"rendered":"https:\/\/sharpenskillstraining.com\/?post_type=product&#038;p=27800"},"modified":"2025-02-21T13:03:26","modified_gmt":"2025-02-21T18:03:26","slug":"2025-all-sports-summer-camp","status":"publish","type":"product","link":"https:\/\/sharpenskillstraining.com\/fr\/produit\/2025-all-sports-summer-camp\/","title":{"rendered":"STAGE D&#039;\u00c9T\u00c9 TOUS SPORTS 2025"},"content":{"rendered":"","protected":false},"excerpt":{"rendered":"<p><strong>S\u00e9ances et horaires\u00a0:<\/strong><br \/>\nSESSION 1: June 16th \u2013 June 20th | 8:00am \u2013 3:30pm<br \/>\nSESSION 2: July 14th \u2013 July 18th | 8:00am \u2013 3:30pm<\/p>\n<p><strong>Notes\u00a0:<\/strong>\u00a0Maternelle \u2013 5e ann\u00e9e<br \/>\n<strong>Guirlande:<\/strong>\u00a0Chaque athl\u00e8te recevra un t-shirt<\/p>\n<p><strong>Co\u00fbt:<br \/>\n<\/strong>1 athl\u00e8te :\u00a0<strong>$260<\/strong>\/1 s\u00e9ance | <strong>$485<\/strong>\/les deux s\u00e9ances<br \/>\n2 athl\u00e8tes :\u00a0<strong>$475<\/strong>\/1 s\u00e9ance | <strong>$835<\/strong>\/les deux s\u00e9ances<br \/>\n3 athl\u00e8tes :\u00a0<strong>$660<\/strong>\/1 s\u00e9ance | <strong>$1,300<\/strong>\/les deux s\u00e9ances<\/p>\n<ul>\n<li class=\"p1\">Tous les campeurs doivent apporter un d\u00e9jeuner, des collations et une bouteille d&#039;eau<\/li>\n<li class=\"p1\">Horaires prolong\u00e9s disponibles jusqu&#039;\u00e0 17h00<\/li>\n<\/ul>\n<p><strong>Pack de collations\u00a0:<\/strong>\u00a0une journ\u00e9e de collations, notamment du poisson rouge, des Oreos, des Pringles et une boisson \u00e9lectrolytique<br \/>\n1 jour =\u00a0<strong>$10<\/strong>\/athl\u00e8te<br \/>\n5 jours =\u00a0<strong>$45<\/strong>\/athl\u00e8te<\/p>","protected":false},"featured_media":27781,"comment_status":"closed","ping_status":"closed","template":"","meta":[],"product_brand":[],"product_cat":[78],"product_tag":[],"class_list":{"0":"post-27800","1":"product","2":"type-product","3":"status-publish","4":"has-post-thumbnail","6":"product_cat-camps","8":"first","9":"instock","10":"sold-individually","11":"shipping-taxable","12":"purchasable","13":"product-type-variable"},"_links":{"self":[{"href":"https:\/\/sharpenskillstraining.com\/fr\/wp-json\/wp\/v2\/product\/27800","targetHints":{"allow":["GET"]}}],"collection":[{"href":"https:\/\/sharpenskillstraining.com\/fr\/wp-json\/wp\/v2\/product"}],"about":[{"href":"https:\/\/sharpenskillstraining.com\/fr\/wp-json\/wp\/v2\/types\/product"}],"replies":[{"embeddable":true,"href":"https:\/\/sharpenskillstraining.com\/fr\/wp-json\/wp\/v2\/comments?post=27800"}],"wp:featuredmedia":[{"embeddable":true,"href":"https:\/\/sharpenskillstraining.com\/fr\/wp-json\/wp\/v2\/media\/27781"}],"wp:attachment":[{"href":"https:\/\/sharpenskillstraining.com\/fr\/wp-json\/wp\/v2\/media?parent=27800"}],"wp:term":[{"taxonomy":"product_brand","embeddable":true,"href":"https:\/\/sharpenskillstraining.com\/fr\/wp-json\/wp\/v2\/product_brand?post=27800"},{"taxonomy":"product_cat","embeddable":true,"href":"https:\/\/sharpenskillstraining.com\/fr\/wp-json\/wp\/v2\/product_cat?post=27800"},{"taxonomy":"product_tag","embeddable":true,"href":"https:\/\/sharpenskillstraining.com\/fr\/wp-json\/wp\/v2\/product_tag?post=27800"}],"curies":[{"name":"wp","href":"https:\/\/api.w.org\/{rel}","templated":true}]}}